{"id":8787,"date":"2023-11-24T19:08:30","date_gmt":"2023-11-24T19:08:30","guid":{"rendered":"https:\/\/www.vggourmet.com\/?post_type=product&#038;p=8787"},"modified":"2023-12-12T17:33:08","modified_gmt":"2023-12-12T17:33:08","slug":"rosee-sauce","status":"publish","type":"product","link":"https:\/\/www.vggourmet.com\/fr\/produit\/rosee-sauce\/","title":{"rendered":"Sauce Ros\u00e9e"},"content":{"rendered":"<p>De riches noix de cajou, de l'ail r\u00f4ti, de l'origan et des tomates biologiques sont tous m\u00e9lang\u00e9s pour obtenir la meilleure sauce ros\u00e9e au monde\u00a0! Servir sur des p\u00e2tes, du riz aux l\u00e9gumes ou simplement manger avec une cuill\u00e8re\u00a0!!<\/p>","protected":false},"excerpt":{"rendered":"<p>De riches noix de cajou, de l'ail r\u00f4ti, de l'origan et des tomates biologiques sont tous m\u00e9lang\u00e9s pour obtenir la meilleure sauce ros\u00e9e au monde\u00a0! Servir sur des p\u00e2tes, du riz aux l\u00e9gumes ou simplement manger avec une cuill\u00e8re\u00a0!!<\/p>","protected":false},"featured_media":8800,"comment_status":"closed","ping_status":"closed","template":"","meta":{"_acf_changed":false,"_monsterinsights_skip_tracking":false,"_monsterinsights_sitenote_active":false,"_monsterinsights_sitenote_note":"","_monsterinsights_sitenote_category":0},"product_brand":[],"product_cat":[145],"product_tag":[],"class_list":{"0":"post-8787","1":"product","2":"type-product","3":"status-publish","4":"has-post-thumbnail","6":"product_cat-sauces","8":"first","9":"instock","10":"taxable","11":"shipping-taxable","12":"purchasable","13":"product-type-simple"},"acf":[],"yoast_head":"<!-- This site is optimized with the Yoast SEO plugin v27.5 - https:\/\/yoast.com\/product\/yoast-seo-wordpress\/ -->\n<title>Rosee Sauce<\/title>\n<meta name=\"robots\" content=\"index, follow, max-snippet:-1, max-image-preview:large, max-video-preview:-1\" \/>\n<link rel=\"canonical\" href=\"https:\/\/www.vggourmet.com\/fr\/produit\/rosee-sauce\/\" \/>\n<meta property=\"og:locale\" content=\"fr_CA\" \/>\n<meta property=\"og:type\" content=\"article\" \/>\n<meta property=\"og:title\" content=\"Rosee Sauce\" \/>\n<meta property=\"og:description\" content=\"Rich cashews, roasted garlic, oregano and organic tomatoes are all blended to make the world&#8217;s best rosee sauce! Serve over pasta, veggies rice or just eat it with a spoon!!\" \/>\n<meta property=\"og:url\" content=\"https:\/\/www.vggourmet.com\/fr\/produit\/rosee-sauce\/\" \/>\n<meta property=\"og:site_name\" content=\"VG Gourmet\" \/>\n<meta property=\"article:publisher\" content=\"https:\/\/www.facebook.com\/VGGourmet\" \/>\n<meta property=\"article:modified_time\" content=\"2023-12-12T17:33:08+00:00\" \/>\n<meta property=\"og:image\" content=\"https:\/\/www.vggourmet.com\/wp-content\/uploads\/2023\/11\/IMG_0232_1.jpg\" \/>\n\t<meta property=\"og:image:width\" content=\"825\" \/>\n\t<meta property=\"og:image:height\" content=\"1100\" \/>\n\t<meta property=\"og:image:type\" content=\"image\/jpeg\" \/>\n<meta name=\"twitter:card\" content=\"summary_large_image\" \/>\n<meta name=\"twitter:label1\" content=\"Estimation du temps de lecture\" \/>\n\t<meta name=\"twitter:data1\" content=\"1 minute\" \/>\n<!-- \/ Yoast SEO plugin. -->","yoast_head_json":{"title":"Sauce Ros\u00e9e","robots":{"index":"index","follow":"follow","max-snippet":"max-snippet:-1","max-image-preview":"max-image-preview:large","max-video-preview":"max-video-preview:-1"},"canonical":"https:\/\/www.vggourmet.com\/fr\/produit\/rosee-sauce\/","og_locale":"fr_CA","og_type":"article","og_title":"Rosee Sauce","og_description":"Rich cashews, roasted garlic, oregano and organic tomatoes are all blended to make the world&#8217;s best rosee sauce! Serve over pasta, veggies rice or just eat it with a spoon!!","og_url":"https:\/\/www.vggourmet.com\/fr\/produit\/rosee-sauce\/","og_site_name":"VG Gourmet","article_publisher":"https:\/\/www.facebook.com\/VGGourmet","article_modified_time":"2023-12-12T17:33:08+00:00","og_image":[{"width":825,"height":1100,"url":"https:\/\/www.vggourmet.com\/wp-content\/uploads\/2023\/11\/IMG_0232_1.jpg","type":"image\/jpeg"}],"twitter_card":"summary_large_image","twitter_misc":{"Estimation du temps de lecture":"1 minute"},"schema":{"@context":"https:\/\/schema.org","@graph":[{"@type":"WebPage","@id":"https:\/\/www.vggourmet.com\/product\/rosee-sauce\/","url":"https:\/\/www.vggourmet.com\/product\/rosee-sauce\/","name":"Sauce Ros\u00e9e","isPartOf":{"@id":"https:\/\/www.vggourmet.com\/#website"},"primaryImageOfPage":{"@id":"https:\/\/www.vggourmet.com\/product\/rosee-sauce\/#primaryimage"},"image":{"@id":"https:\/\/www.vggourmet.com\/product\/rosee-sauce\/#primaryimage"},"thumbnailUrl":"https:\/\/www.vggourmet.com\/wp-content\/uploads\/2023\/11\/IMG_0232_1.jpg","datePublished":"2023-11-24T19:08:30+00:00","dateModified":"2023-12-12T17:33:08+00:00","breadcrumb":{"@id":"https:\/\/www.vggourmet.com\/product\/rosee-sauce\/#breadcrumb"},"inLanguage":"fr-CA","potentialAction":[{"@type":"ReadAction","target":["https:\/\/www.vggourmet.com\/product\/rosee-sauce\/"]}]},{"@type":"ImageObject","inLanguage":"fr-CA","@id":"https:\/\/www.vggourmet.com\/product\/rosee-sauce\/#primaryimage","url":"https:\/\/www.vggourmet.com\/wp-content\/uploads\/2023\/11\/IMG_0232_1.jpg","contentUrl":"https:\/\/www.vggourmet.com\/wp-content\/uploads\/2023\/11\/IMG_0232_1.jpg","width":825,"height":1100},{"@type":"BreadcrumbList","@id":"https:\/\/www.vggourmet.com\/product\/rosee-sauce\/#breadcrumb","itemListElement":[{"@type":"ListItem","position":1,"name":"Home","item":"https:\/\/www.vggourmet.com\/"},{"@type":"ListItem","position":2,"name":"Products","item":"https:\/\/www.vggourmet.com\/fr\/products\/"},{"@type":"ListItem","position":3,"name":"Rosee Sauce"}]},{"@type":"WebSite","@id":"https:\/\/www.vggourmet.com\/#website","url":"https:\/\/www.vggourmet.com\/","name":"VG Gourmet","description":"Fresh Plant Based Products","publisher":{"@id":"https:\/\/www.vggourmet.com\/#organization"},"potentialAction":[{"@type":"SearchAction","target":{"@type":"EntryPoint","urlTemplate":"https:\/\/www.vggourmet.com\/?s={search_term_string}"},"query-input":{"@type":"PropertyValueSpecification","valueRequired":true,"valueName":"search_term_string"}}],"inLanguage":"fr-CA"},{"@type":"Organization","@id":"https:\/\/www.vggourmet.com\/#organization","name":"VG Gourmet","url":"https:\/\/www.vggourmet.com\/","logo":{"@type":"ImageObject","inLanguage":"fr-CA","@id":"https:\/\/www.vggourmet.com\/#\/schema\/logo\/image\/","url":"https:\/\/www.vggourmet.com\/wp-content\/uploads\/2022\/06\/VG-GOURMET-LOGO.png","contentUrl":"https:\/\/www.vggourmet.com\/wp-content\/uploads\/2022\/06\/VG-GOURMET-LOGO.png","width":88,"height":105,"caption":"VG Gourmet"},"image":{"@id":"https:\/\/www.vggourmet.com\/#\/schema\/logo\/image\/"},"sameAs":["https:\/\/www.facebook.com\/VGGourmet","https:\/\/www.pinterest.ca\/VGGourmet\/"]}]}},"_links":{"self":[{"href":"https:\/\/www.vggourmet.com\/fr\/wp-json\/wp\/v2\/product\/8787","targetHints":{"allow":["GET"]}}],"collection":[{"href":"https:\/\/www.vggourmet.com\/fr\/wp-json\/wp\/v2\/product"}],"about":[{"href":"https:\/\/www.vggourmet.com\/fr\/wp-json\/wp\/v2\/types\/product"}],"replies":[{"embeddable":true,"href":"https:\/\/www.vggourmet.com\/fr\/wp-json\/wp\/v2\/comments?post=8787"}],"wp:featuredmedia":[{"embeddable":true,"href":"https:\/\/www.vggourmet.com\/fr\/wp-json\/wp\/v2\/media\/8800"}],"wp:attachment":[{"href":"https:\/\/www.vggourmet.com\/fr\/wp-json\/wp\/v2\/media?parent=8787"}],"wp:term":[{"taxonomy":"product_brand","embeddable":true,"href":"https:\/\/www.vggourmet.com\/fr\/wp-json\/wp\/v2\/product_brand?post=8787"},{"taxonomy":"product_cat","embeddable":true,"href":"https:\/\/www.vggourmet.com\/fr\/wp-json\/wp\/v2\/product_cat?post=8787"},{"taxonomy":"product_tag","embeddable":true,"href":"https:\/\/www.vggourmet.com\/fr\/wp-json\/wp\/v2\/product_tag?post=8787"}],"curies":[{"name":"wp","href":"https:\/\/api.w.org\/{rel}","templated":true}]}}