{"id":8763,"date":"2023-11-14T22:14:06","date_gmt":"2023-11-14T22:14:06","guid":{"rendered":"https:\/\/www.vggourmet.com\/?post_type=product&#038;p=8763"},"modified":"2023-11-24T18:37:17","modified_gmt":"2023-11-24T18:37:17","slug":"sauce-aux-champignons","status":"publish","type":"product","link":"https:\/\/www.vggourmet.com\/fr\/produit\/sauce-aux-champignons\/","title":{"rendered":"Sauce aux champignons"},"content":{"rendered":"<p>Pr\u00e9par\u00e9e avec des champignons fra\u00eechement r\u00f4tis et des noix de cajou biologiques, cette sauce rehaussera n&#8217;importe quel repas !<\/p>","protected":false},"excerpt":{"rendered":"<p>Sauce aux champignons v\u00e9g\u00e9talienne riche et cr\u00e9meuse \u00e0 base de noix de cajou ; c&#8217;est une sauce vraiment d\u00e9licieuse qui est divine sur tout et n&#8217;importe quoi !<\/p>","protected":false},"featured_media":8693,"comment_status":"closed","ping_status":"closed","template":"","meta":{"_acf_changed":false,"_monsterinsights_skip_tracking":false,"_monsterinsights_sitenote_active":false,"_monsterinsights_sitenote_note":"","_monsterinsights_sitenote_category":0},"product_brand":[],"product_cat":[145],"product_tag":[],"class_list":{"0":"post-8763","1":"product","2":"type-product","3":"status-publish","4":"has-post-thumbnail","6":"product_cat-sauces","8":"first","9":"instock","10":"taxable","11":"shipping-taxable","12":"purchasable","13":"product-type-simple"},"acf":[],"yoast_head":"<!-- This site is optimized with the Yoast SEO plugin v27.5 - https:\/\/yoast.com\/product\/yoast-seo-wordpress\/ -->\n<title>Sauce aux champignons<\/title>\n<meta name=\"robots\" content=\"index, follow, max-snippet:-1, max-image-preview:large, max-video-preview:-1\" \/>\n<link rel=\"canonical\" href=\"https:\/\/www.vggourmet.com\/fr\/produit\/sauce-aux-champignons\/\" \/>\n<meta property=\"og:locale\" content=\"fr_CA\" \/>\n<meta property=\"og:type\" content=\"article\" \/>\n<meta property=\"og:title\" content=\"Sauce aux champignons\" \/>\n<meta property=\"og:description\" content=\"Sauce aux champignons v\u00e9g\u00e9talienne riche et cr\u00e9meuse \u00e0 base de noix de cajou ; c&#039;est une sauce vraiment d\u00e9licieuse qui est divine sur tout et n&#039;importe quoi !\" \/>\n<meta property=\"og:url\" content=\"https:\/\/www.vggourmet.com\/fr\/produit\/sauce-aux-champignons\/\" \/>\n<meta property=\"og:site_name\" content=\"VG Gourmet\" \/>\n<meta property=\"article:publisher\" content=\"https:\/\/www.facebook.com\/VGGourmet\" \/>\n<meta property=\"article:modified_time\" content=\"2023-11-24T18:37:17+00:00\" \/>\n<meta property=\"og:image\" content=\"https:\/\/www.vggourmet.com\/wp-content\/uploads\/2023\/11\/mushroom-1.png\" \/>\n\t<meta property=\"og:image:width\" content=\"1093\" \/>\n\t<meta property=\"og:image:height\" content=\"1100\" \/>\n\t<meta property=\"og:image:type\" content=\"image\/png\" \/>\n<meta name=\"twitter:card\" content=\"summary_large_image\" \/>\n<meta name=\"twitter:label1\" content=\"Estimation du temps de lecture\" \/>\n\t<meta name=\"twitter:data1\" content=\"1 minute\" \/>\n<!-- \/ Yoast SEO plugin. -->","yoast_head_json":{"title":"Sauce aux champignons","robots":{"index":"index","follow":"follow","max-snippet":"max-snippet:-1","max-image-preview":"max-image-preview:large","max-video-preview":"max-video-preview:-1"},"canonical":"https:\/\/www.vggourmet.com\/fr\/produit\/sauce-aux-champignons\/","og_locale":"fr_CA","og_type":"article","og_title":"Sauce aux champignons","og_description":"Sauce aux champignons v\u00e9g\u00e9talienne riche et cr\u00e9meuse \u00e0 base de noix de cajou ; c'est une sauce vraiment d\u00e9licieuse qui est divine sur tout et n'importe quoi !","og_url":"https:\/\/www.vggourmet.com\/fr\/produit\/sauce-aux-champignons\/","og_site_name":"VG Gourmet","article_publisher":"https:\/\/www.facebook.com\/VGGourmet","article_modified_time":"2023-11-24T18:37:17+00:00","og_image":[{"width":1093,"height":1100,"url":"https:\/\/www.vggourmet.com\/wp-content\/uploads\/2023\/11\/mushroom-1.png","type":"image\/png"}],"twitter_card":"summary_large_image","twitter_misc":{"Estimation du temps de lecture":"1 minute"},"schema":{"@context":"https:\/\/schema.org","@graph":[{"@type":"WebPage","@id":"https:\/\/www.vggourmet.com\/product\/sauce-aux-champignons\/","url":"https:\/\/www.vggourmet.com\/product\/sauce-aux-champignons\/","name":"Sauce aux champignons","isPartOf":{"@id":"https:\/\/www.vggourmet.com\/#website"},"primaryImageOfPage":{"@id":"https:\/\/www.vggourmet.com\/product\/sauce-aux-champignons\/#primaryimage"},"image":{"@id":"https:\/\/www.vggourmet.com\/product\/sauce-aux-champignons\/#primaryimage"},"thumbnailUrl":"https:\/\/www.vggourmet.com\/wp-content\/uploads\/2023\/11\/mushroom-1.png","datePublished":"2023-11-14T22:14:06+00:00","dateModified":"2023-11-24T18:37:17+00:00","breadcrumb":{"@id":"https:\/\/www.vggourmet.com\/product\/sauce-aux-champignons\/#breadcrumb"},"inLanguage":"fr-CA","potentialAction":[{"@type":"ReadAction","target":["https:\/\/www.vggourmet.com\/product\/sauce-aux-champignons\/"]}]},{"@type":"ImageObject","inLanguage":"fr-CA","@id":"https:\/\/www.vggourmet.com\/product\/sauce-aux-champignons\/#primaryimage","url":"https:\/\/www.vggourmet.com\/wp-content\/uploads\/2023\/11\/mushroom-1.png","contentUrl":"https:\/\/www.vggourmet.com\/wp-content\/uploads\/2023\/11\/mushroom-1.png","width":1093,"height":1100},{"@type":"BreadcrumbList","@id":"https:\/\/www.vggourmet.com\/product\/sauce-aux-champignons\/#breadcrumb","itemListElement":[{"@type":"ListItem","position":1,"name":"Home","item":"https:\/\/www.vggourmet.com\/"},{"@type":"ListItem","position":2,"name":"Products","item":"https:\/\/www.vggourmet.com\/fr\/products\/"},{"@type":"ListItem","position":3,"name":"Sauce aux champignons"}]},{"@type":"WebSite","@id":"https:\/\/www.vggourmet.com\/#website","url":"https:\/\/www.vggourmet.com\/","name":"VG Gourmet","description":"Fresh Plant Based Products","publisher":{"@id":"https:\/\/www.vggourmet.com\/#organization"},"potentialAction":[{"@type":"SearchAction","target":{"@type":"EntryPoint","urlTemplate":"https:\/\/www.vggourmet.com\/?s={search_term_string}"},"query-input":{"@type":"PropertyValueSpecification","valueRequired":true,"valueName":"search_term_string"}}],"inLanguage":"fr-CA"},{"@type":"Organization","@id":"https:\/\/www.vggourmet.com\/#organization","name":"VG Gourmet","url":"https:\/\/www.vggourmet.com\/","logo":{"@type":"ImageObject","inLanguage":"fr-CA","@id":"https:\/\/www.vggourmet.com\/#\/schema\/logo\/image\/","url":"https:\/\/www.vggourmet.com\/wp-content\/uploads\/2022\/06\/VG-GOURMET-LOGO.png","contentUrl":"https:\/\/www.vggourmet.com\/wp-content\/uploads\/2022\/06\/VG-GOURMET-LOGO.png","width":88,"height":105,"caption":"VG Gourmet"},"image":{"@id":"https:\/\/www.vggourmet.com\/#\/schema\/logo\/image\/"},"sameAs":["https:\/\/www.facebook.com\/VGGourmet","https:\/\/www.pinterest.ca\/VGGourmet\/"]}]}},"_links":{"self":[{"href":"https:\/\/www.vggourmet.com\/fr\/wp-json\/wp\/v2\/product\/8763","targetHints":{"allow":["GET"]}}],"collection":[{"href":"https:\/\/www.vggourmet.com\/fr\/wp-json\/wp\/v2\/product"}],"about":[{"href":"https:\/\/www.vggourmet.com\/fr\/wp-json\/wp\/v2\/types\/product"}],"replies":[{"embeddable":true,"href":"https:\/\/www.vggourmet.com\/fr\/wp-json\/wp\/v2\/comments?post=8763"}],"wp:featuredmedia":[{"embeddable":true,"href":"https:\/\/www.vggourmet.com\/fr\/wp-json\/wp\/v2\/media\/8693"}],"wp:attachment":[{"href":"https:\/\/www.vggourmet.com\/fr\/wp-json\/wp\/v2\/media?parent=8763"}],"wp:term":[{"taxonomy":"product_brand","embeddable":true,"href":"https:\/\/www.vggourmet.com\/fr\/wp-json\/wp\/v2\/product_brand?post=8763"},{"taxonomy":"product_cat","embeddable":true,"href":"https:\/\/www.vggourmet.com\/fr\/wp-json\/wp\/v2\/product_cat?post=8763"},{"taxonomy":"product_tag","embeddable":true,"href":"https:\/\/www.vggourmet.com\/fr\/wp-json\/wp\/v2\/product_tag?post=8763"}],"curies":[{"name":"wp","href":"https:\/\/api.w.org\/{rel}","templated":true}]}}