{"id":8694,"date":"2023-11-06T16:59:56","date_gmt":"2023-11-06T16:59:56","guid":{"rendered":"https:\/\/www.vggourmet.com\/?post_type=product&#038;p=8694"},"modified":"2024-04-08T02:58:01","modified_gmt":"2024-04-08T02:58:01","slug":"queso-dip","status":"publish","type":"product","link":"https:\/\/www.vggourmet.com\/fr\/produit\/queso-dip\/","title":{"rendered":"Trempette de queso"},"content":{"rendered":"<p>Cette trempette cr\u00e9meuse pour nachos est faite de noix de cajou biologiques et de piments jalapeno fra\u00eechement r\u00f4tis. Allez-y, trempez vos chips !<\/p>","protected":false},"excerpt":{"rendered":"<p>Queso dip, also called chile con queso, is a melty, cheesy dip that\u2019s typically served alongside tortilla chips.<\/p>","protected":false},"featured_media":9793,"comment_status":"closed","ping_status":"closed","template":"","meta":{"_acf_changed":false,"_monsterinsights_skip_tracking":false,"_monsterinsights_sitenote_active":false,"_monsterinsights_sitenote_note":"","_monsterinsights_sitenote_category":0},"product_brand":[],"product_cat":[145],"product_tag":[],"class_list":{"0":"post-8694","1":"product","2":"type-product","3":"status-publish","4":"has-post-thumbnail","6":"product_cat-sauces","8":"first","9":"instock","10":"taxable","11":"shipping-taxable","12":"purchasable","13":"product-type-simple"},"acf":[],"yoast_head":"<!-- This site is optimized with the Yoast SEO plugin v27.5 - https:\/\/yoast.com\/product\/yoast-seo-wordpress\/ -->\n<title>QUESO DIP<\/title>\n<meta name=\"robots\" content=\"index, follow, max-snippet:-1, max-image-preview:large, max-video-preview:-1\" \/>\n<link rel=\"canonical\" href=\"https:\/\/www.vggourmet.com\/fr\/produit\/queso-dip\/\" \/>\n<meta property=\"og:locale\" content=\"fr_CA\" \/>\n<meta property=\"og:type\" content=\"article\" \/>\n<meta property=\"og:title\" content=\"QUESO DIP\" \/>\n<meta property=\"og:description\" content=\"Queso dip, also called chile con queso, is a melty, cheesy dip that\u2019s typically served alongside tortilla chips.\" \/>\n<meta property=\"og:url\" content=\"https:\/\/www.vggourmet.com\/fr\/produit\/queso-dip\/\" \/>\n<meta property=\"og:site_name\" content=\"VG Gourmet\" \/>\n<meta property=\"article:publisher\" content=\"https:\/\/www.facebook.com\/VGGourmet\" \/>\n<meta property=\"article:modified_time\" content=\"2024-04-08T02:58:01+00:00\" \/>\n<meta property=\"og:image\" content=\"https:\/\/www.vggourmet.com\/wp-content\/uploads\/2023\/11\/IMG_8674-1-1024x1024.png\" \/>\n\t<meta property=\"og:image:width\" content=\"1024\" \/>\n\t<meta property=\"og:image:height\" content=\"1024\" \/>\n\t<meta property=\"og:image:type\" content=\"image\/png\" \/>\n<meta name=\"twitter:card\" content=\"summary_large_image\" \/>\n<meta name=\"twitter:label1\" content=\"Estimation du temps de lecture\" \/>\n\t<meta name=\"twitter:data1\" content=\"1 minute\" \/>\n<!-- \/ Yoast SEO plugin. -->","yoast_head_json":{"title":"Trempette de queso","robots":{"index":"index","follow":"follow","max-snippet":"max-snippet:-1","max-image-preview":"max-image-preview:large","max-video-preview":"max-video-preview:-1"},"canonical":"https:\/\/www.vggourmet.com\/fr\/produit\/queso-dip\/","og_locale":"fr_CA","og_type":"article","og_title":"QUESO DIP","og_description":"Queso dip, also called chile con queso, is a melty, cheesy dip that\u2019s typically served alongside tortilla chips.","og_url":"https:\/\/www.vggourmet.com\/fr\/produit\/queso-dip\/","og_site_name":"VG Gourmet","article_publisher":"https:\/\/www.facebook.com\/VGGourmet","article_modified_time":"2024-04-08T02:58:01+00:00","og_image":[{"width":1024,"height":1024,"url":"https:\/\/www.vggourmet.com\/wp-content\/uploads\/2023\/11\/IMG_8674-1-1024x1024.png","type":"image\/png"}],"twitter_card":"summary_large_image","twitter_misc":{"Estimation du temps de lecture":"1 minute"},"schema":{"@context":"https:\/\/schema.org","@graph":[{"@type":"WebPage","@id":"https:\/\/www.vggourmet.com\/product\/queso-dip\/","url":"https:\/\/www.vggourmet.com\/product\/queso-dip\/","name":"Trempette de queso","isPartOf":{"@id":"https:\/\/www.vggourmet.com\/#website"},"primaryImageOfPage":{"@id":"https:\/\/www.vggourmet.com\/product\/queso-dip\/#primaryimage"},"image":{"@id":"https:\/\/www.vggourmet.com\/product\/queso-dip\/#primaryimage"},"thumbnailUrl":"https:\/\/www.vggourmet.com\/wp-content\/uploads\/2023\/11\/IMG_8674-1.png","datePublished":"2023-11-06T16:59:56+00:00","dateModified":"2024-04-08T02:58:01+00:00","breadcrumb":{"@id":"https:\/\/www.vggourmet.com\/product\/queso-dip\/#breadcrumb"},"inLanguage":"fr-CA","potentialAction":[{"@type":"ReadAction","target":["https:\/\/www.vggourmet.com\/product\/queso-dip\/"]}]},{"@type":"ImageObject","inLanguage":"fr-CA","@id":"https:\/\/www.vggourmet.com\/product\/queso-dip\/#primaryimage","url":"https:\/\/www.vggourmet.com\/wp-content\/uploads\/2023\/11\/IMG_8674-1.png","contentUrl":"https:\/\/www.vggourmet.com\/wp-content\/uploads\/2023\/11\/IMG_8674-1.png","width":1920,"height":1920},{"@type":"BreadcrumbList","@id":"https:\/\/www.vggourmet.com\/product\/queso-dip\/#breadcrumb","itemListElement":[{"@type":"ListItem","position":1,"name":"Home","item":"https:\/\/www.vggourmet.com\/"},{"@type":"ListItem","position":2,"name":"Products","item":"https:\/\/www.vggourmet.com\/fr\/products\/"},{"@type":"ListItem","position":3,"name":"QUESO DIP"}]},{"@type":"WebSite","@id":"https:\/\/www.vggourmet.com\/#website","url":"https:\/\/www.vggourmet.com\/","name":"VG Gourmet","description":"Fresh Plant Based Products","publisher":{"@id":"https:\/\/www.vggourmet.com\/#organization"},"potentialAction":[{"@type":"SearchAction","target":{"@type":"EntryPoint","urlTemplate":"https:\/\/www.vggourmet.com\/?s={search_term_string}"},"query-input":{"@type":"PropertyValueSpecification","valueRequired":true,"valueName":"search_term_string"}}],"inLanguage":"fr-CA"},{"@type":"Organization","@id":"https:\/\/www.vggourmet.com\/#organization","name":"VG Gourmet","url":"https:\/\/www.vggourmet.com\/","logo":{"@type":"ImageObject","inLanguage":"fr-CA","@id":"https:\/\/www.vggourmet.com\/#\/schema\/logo\/image\/","url":"https:\/\/www.vggourmet.com\/wp-content\/uploads\/2022\/06\/VG-GOURMET-LOGO.png","contentUrl":"https:\/\/www.vggourmet.com\/wp-content\/uploads\/2022\/06\/VG-GOURMET-LOGO.png","width":88,"height":105,"caption":"VG Gourmet"},"image":{"@id":"https:\/\/www.vggourmet.com\/#\/schema\/logo\/image\/"},"sameAs":["https:\/\/www.facebook.com\/VGGourmet","https:\/\/www.pinterest.ca\/VGGourmet\/"]}]}},"_links":{"self":[{"href":"https:\/\/www.vggourmet.com\/fr\/wp-json\/wp\/v2\/product\/8694","targetHints":{"allow":["GET"]}}],"collection":[{"href":"https:\/\/www.vggourmet.com\/fr\/wp-json\/wp\/v2\/product"}],"about":[{"href":"https:\/\/www.vggourmet.com\/fr\/wp-json\/wp\/v2\/types\/product"}],"replies":[{"embeddable":true,"href":"https:\/\/www.vggourmet.com\/fr\/wp-json\/wp\/v2\/comments?post=8694"}],"wp:featuredmedia":[{"embeddable":true,"href":"https:\/\/www.vggourmet.com\/fr\/wp-json\/wp\/v2\/media\/9793"}],"wp:attachment":[{"href":"https:\/\/www.vggourmet.com\/fr\/wp-json\/wp\/v2\/media?parent=8694"}],"wp:term":[{"taxonomy":"product_brand","embeddable":true,"href":"https:\/\/www.vggourmet.com\/fr\/wp-json\/wp\/v2\/product_brand?post=8694"},{"taxonomy":"product_cat","embeddable":true,"href":"https:\/\/www.vggourmet.com\/fr\/wp-json\/wp\/v2\/product_cat?post=8694"},{"taxonomy":"product_tag","embeddable":true,"href":"https:\/\/www.vggourmet.com\/fr\/wp-json\/wp\/v2\/product_tag?post=8694"}],"curies":[{"name":"wp","href":"https:\/\/api.w.org\/{rel}","templated":true}]}}