{"id":7645,"date":"2023-07-05T13:28:21","date_gmt":"2023-07-05T13:28:21","guid":{"rendered":"https:\/\/www.vggourmet.com\/?post_type=product&#038;p=7645"},"modified":"2024-04-08T04:49:19","modified_gmt":"2024-04-08T04:49:19","slug":"carrot-ginger-soup","status":"publish","type":"product","link":"https:\/\/www.vggourmet.com\/fr\/produit\/carrot-ginger-soup\/","title":{"rendered":"SOUPE CAROTTE GINGEMBRE"},"content":{"rendered":"<p>Cr\u00e9meuse et relev\u00e9e de gingembre, cette soupe est pr\u00e9par\u00e9e \u00e0 partir d'ingr\u00e9dients frais, puis congel\u00e9e.<\/p>\n<p>Fabriqu\u00e9 dans une usine enti\u00e8rement v\u00e9g\u00e9talienne et sans gluten.<\/p>","protected":false},"excerpt":{"rendered":"<p>Cr\u00e9meuse et relev\u00e9e de gingembre, cette soupe est pr\u00e9par\u00e9e \u00e0 partir d'ingr\u00e9dients frais, puis congel\u00e9e.<\/p>","protected":false},"featured_media":9799,"comment_status":"closed","ping_status":"closed","template":"","meta":{"_acf_changed":false,"_monsterinsights_skip_tracking":false,"_monsterinsights_sitenote_active":false,"_monsterinsights_sitenote_note":"","_monsterinsights_sitenote_category":0},"product_brand":[],"product_cat":[143],"product_tag":[],"class_list":{"0":"post-7645","1":"product","2":"type-product","3":"status-publish","4":"has-post-thumbnail","6":"product_cat-soups","8":"first","9":"instock","10":"sale","11":"taxable","12":"shipping-taxable","13":"purchasable","14":"product-type-simple"},"acf":[],"yoast_head":"<!-- This site is optimized with the Yoast SEO plugin v27.5 - https:\/\/yoast.com\/product\/yoast-seo-wordpress\/ -->\n<title>CARROT GINGER SOUP<\/title>\n<meta name=\"robots\" content=\"index, follow, max-snippet:-1, max-image-preview:large, max-video-preview:-1\" \/>\n<link rel=\"canonical\" href=\"https:\/\/www.vggourmet.com\/fr\/produit\/carrot-ginger-soup\/\" \/>\n<meta property=\"og:locale\" content=\"fr_CA\" \/>\n<meta property=\"og:type\" content=\"article\" \/>\n<meta property=\"og:title\" content=\"CARROT GINGER SOUP\" \/>\n<meta property=\"og:description\" content=\"Creamy with a ginger kick, this soup is made from fresh ingredients and then frozen.\" \/>\n<meta property=\"og:url\" content=\"https:\/\/www.vggourmet.com\/fr\/produit\/carrot-ginger-soup\/\" \/>\n<meta property=\"og:site_name\" content=\"VG Gourmet\" \/>\n<meta property=\"article:publisher\" content=\"https:\/\/www.facebook.com\/VGGourmet\" \/>\n<meta property=\"article:modified_time\" content=\"2024-04-08T04:49:19+00:00\" \/>\n<meta property=\"og:image\" content=\"https:\/\/www.vggourmet.com\/wp-content\/uploads\/2023\/07\/carrot-3-1.png\" \/>\n\t<meta property=\"og:image:width\" content=\"2074\" \/>\n\t<meta property=\"og:image:height\" content=\"2293\" \/>\n\t<meta property=\"og:image:type\" content=\"image\/png\" \/>\n<meta name=\"twitter:card\" content=\"summary_large_image\" \/>\n<meta name=\"twitter:label1\" content=\"Estimation du temps de lecture\" \/>\n\t<meta name=\"twitter:data1\" content=\"1 minute\" \/>\n<!-- \/ Yoast SEO plugin. -->","yoast_head_json":{"title":"SOUPE CAROTTE GINGEMBRE","robots":{"index":"index","follow":"follow","max-snippet":"max-snippet:-1","max-image-preview":"max-image-preview:large","max-video-preview":"max-video-preview:-1"},"canonical":"https:\/\/www.vggourmet.com\/fr\/produit\/carrot-ginger-soup\/","og_locale":"fr_CA","og_type":"article","og_title":"CARROT GINGER SOUP","og_description":"Creamy with a ginger kick, this soup is made from fresh ingredients and then frozen.","og_url":"https:\/\/www.vggourmet.com\/fr\/produit\/carrot-ginger-soup\/","og_site_name":"VG Gourmet","article_publisher":"https:\/\/www.facebook.com\/VGGourmet","article_modified_time":"2024-04-08T04:49:19+00:00","og_image":[{"width":2074,"height":2293,"url":"https:\/\/www.vggourmet.com\/wp-content\/uploads\/2023\/07\/carrot-3-1.png","type":"image\/png"}],"twitter_card":"summary_large_image","twitter_misc":{"Estimation du temps de lecture":"1 minute"},"schema":{"@context":"https:\/\/schema.org","@graph":[{"@type":"WebPage","@id":"https:\/\/www.vggourmet.com\/product\/carrot-ginger-soup\/","url":"https:\/\/www.vggourmet.com\/product\/carrot-ginger-soup\/","name":"SOUPE CAROTTE GINGEMBRE","isPartOf":{"@id":"https:\/\/www.vggourmet.com\/#website"},"primaryImageOfPage":{"@id":"https:\/\/www.vggourmet.com\/product\/carrot-ginger-soup\/#primaryimage"},"image":{"@id":"https:\/\/www.vggourmet.com\/product\/carrot-ginger-soup\/#primaryimage"},"thumbnailUrl":"https:\/\/www.vggourmet.com\/wp-content\/uploads\/2023\/07\/carrot-3-1.png","datePublished":"2023-07-05T13:28:21+00:00","dateModified":"2024-04-08T04:49:19+00:00","breadcrumb":{"@id":"https:\/\/www.vggourmet.com\/product\/carrot-ginger-soup\/#breadcrumb"},"inLanguage":"fr-CA","potentialAction":[{"@type":"ReadAction","target":["https:\/\/www.vggourmet.com\/product\/carrot-ginger-soup\/"]}]},{"@type":"ImageObject","inLanguage":"fr-CA","@id":"https:\/\/www.vggourmet.com\/product\/carrot-ginger-soup\/#primaryimage","url":"https:\/\/www.vggourmet.com\/wp-content\/uploads\/2023\/07\/carrot-3-1.png","contentUrl":"https:\/\/www.vggourmet.com\/wp-content\/uploads\/2023\/07\/carrot-3-1.png","width":2074,"height":2293},{"@type":"BreadcrumbList","@id":"https:\/\/www.vggourmet.com\/product\/carrot-ginger-soup\/#breadcrumb","itemListElement":[{"@type":"ListItem","position":1,"name":"Home","item":"https:\/\/www.vggourmet.com\/"},{"@type":"ListItem","position":2,"name":"Products","item":"https:\/\/www.vggourmet.com\/fr\/products\/"},{"@type":"ListItem","position":3,"name":"CARROT GINGER SOUP"}]},{"@type":"WebSite","@id":"https:\/\/www.vggourmet.com\/#website","url":"https:\/\/www.vggourmet.com\/","name":"VG Gourmet","description":"Fresh Plant Based Products","publisher":{"@id":"https:\/\/www.vggourmet.com\/#organization"},"potentialAction":[{"@type":"SearchAction","target":{"@type":"EntryPoint","urlTemplate":"https:\/\/www.vggourmet.com\/?s={search_term_string}"},"query-input":{"@type":"PropertyValueSpecification","valueRequired":true,"valueName":"search_term_string"}}],"inLanguage":"fr-CA"},{"@type":"Organization","@id":"https:\/\/www.vggourmet.com\/#organization","name":"VG Gourmet","url":"https:\/\/www.vggourmet.com\/","logo":{"@type":"ImageObject","inLanguage":"fr-CA","@id":"https:\/\/www.vggourmet.com\/#\/schema\/logo\/image\/","url":"https:\/\/www.vggourmet.com\/wp-content\/uploads\/2022\/06\/VG-GOURMET-LOGO.png","contentUrl":"https:\/\/www.vggourmet.com\/wp-content\/uploads\/2022\/06\/VG-GOURMET-LOGO.png","width":88,"height":105,"caption":"VG Gourmet"},"image":{"@id":"https:\/\/www.vggourmet.com\/#\/schema\/logo\/image\/"},"sameAs":["https:\/\/www.facebook.com\/VGGourmet","https:\/\/www.pinterest.ca\/VGGourmet\/"]}]}},"_links":{"self":[{"href":"https:\/\/www.vggourmet.com\/fr\/wp-json\/wp\/v2\/product\/7645","targetHints":{"allow":["GET"]}}],"collection":[{"href":"https:\/\/www.vggourmet.com\/fr\/wp-json\/wp\/v2\/product"}],"about":[{"href":"https:\/\/www.vggourmet.com\/fr\/wp-json\/wp\/v2\/types\/product"}],"replies":[{"embeddable":true,"href":"https:\/\/www.vggourmet.com\/fr\/wp-json\/wp\/v2\/comments?post=7645"}],"wp:featuredmedia":[{"embeddable":true,"href":"https:\/\/www.vggourmet.com\/fr\/wp-json\/wp\/v2\/media\/9799"}],"wp:attachment":[{"href":"https:\/\/www.vggourmet.com\/fr\/wp-json\/wp\/v2\/media?parent=7645"}],"wp:term":[{"taxonomy":"product_brand","embeddable":true,"href":"https:\/\/www.vggourmet.com\/fr\/wp-json\/wp\/v2\/product_brand?post=7645"},{"taxonomy":"product_cat","embeddable":true,"href":"https:\/\/www.vggourmet.com\/fr\/wp-json\/wp\/v2\/product_cat?post=7645"},{"taxonomy":"product_tag","embeddable":true,"href":"https:\/\/www.vggourmet.com\/fr\/wp-json\/wp\/v2\/product_tag?post=7645"}],"curies":[{"name":"wp","href":"https:\/\/api.w.org\/{rel}","templated":true}]}}