{"id":1146,"date":"2022-04-20T21:59:38","date_gmt":"2022-04-20T21:59:38","guid":{"rendered":"https:\/\/www.vggourmet.com\/?post_type=product&#038;p=1146"},"modified":"2024-06-01T10:57:45","modified_gmt":"2024-06-01T10:57:45","slug":"lentil-walnut-burger","status":"publish","type":"product","link":"https:\/\/www.vggourmet.com\/fr\/produit\/lentil-walnut-burger\/","title":{"rendered":"Lentille et Noix"},"content":{"rendered":"<p>Vegan et sans gluten ! Fabriqu\u00e9 avec des herbes fra\u00eeches, des lentilles consistantes et des noix savoureuses ! Ils sont tous r\u00e9unis avec des champignons sauvages pour faire le hamburger le plus satisfaisant du monde. Mange-le sur un petit pain ou ajoute-le \u00e0 n'importe quel plat pour ajouter une touche de prot\u00e9ines suppl\u00e9mentaires.<\/p>\n<p>&nbsp;<\/p>\n<p>Chaque bo\u00eete contient 4 burgers X 100g<\/p>","protected":false},"excerpt":{"rendered":"<p>Vegan et sans gluten ! Fabriqu\u00e9 avec des herbes fra\u00eeches, des lentilles consistantes et des noix savoureuses ! Ils sont tous r\u00e9unis avec des champignons sauvages pour faire le hamburger le plus satisfaisant du monde. Mange-le sur un petit pain ou ajoute-le \u00e0 n'importe quel plat pour ajouter une touche de prot\u00e9ines suppl\u00e9mentaires.<\/p>","protected":false},"featured_media":9750,"comment_status":"closed","ping_status":"closed","template":"","meta":{"_acf_changed":false,"_monsterinsights_skip_tracking":false,"_monsterinsights_sitenote_active":false,"_monsterinsights_sitenote_note":"","_monsterinsights_sitenote_category":0},"product_brand":[],"product_cat":[73],"product_tag":[148,147,146],"class_list":{"0":"post-1146","1":"product","2":"type-product","3":"status-publish","4":"has-post-thumbnail","6":"product_cat-veggie-burgers","7":"product_tag-lentils-and-walnuts","8":"product_tag-plant-based","9":"product_tag-vegan-burgers","11":"first","12":"instock","13":"sale","14":"taxable","15":"shipping-taxable","16":"purchasable","17":"product-type-simple"},"acf":[],"yoast_head":"<!-- This site is optimized with the Yoast SEO plugin v27.5 - https:\/\/yoast.com\/product\/yoast-seo-wordpress\/ -->\n<title>Lentil &amp; Walnut Burger<\/title>\n<meta name=\"description\" content=\"Vegan and Gluten Free Lentil Walnut Burgers with shiiitake mushrooms and fresh parsley!\" \/>\n<meta name=\"robots\" content=\"index, follow, max-snippet:-1, max-image-preview:large, max-video-preview:-1\" \/>\n<link rel=\"canonical\" href=\"https:\/\/www.vggourmet.com\/fr\/produit\/lentil-walnut-burger\/\" \/>\n<meta property=\"og:locale\" content=\"fr_CA\" \/>\n<meta property=\"og:type\" content=\"article\" \/>\n<meta property=\"og:title\" content=\"Lentil &amp; Walnut Burger\" \/>\n<meta property=\"og:description\" content=\"Vegan and Gluten Free Lentil Walnut Burgers with shiiitake mushrooms and fresh parsley!\" \/>\n<meta property=\"og:url\" content=\"https:\/\/www.vggourmet.com\/fr\/produit\/lentil-walnut-burger\/\" \/>\n<meta property=\"og:site_name\" content=\"VG Gourmet\" \/>\n<meta property=\"article:publisher\" content=\"https:\/\/www.facebook.com\/VGGourmet\" \/>\n<meta property=\"article:modified_time\" content=\"2024-06-01T10:57:45+00:00\" \/>\n<meta property=\"og:image\" content=\"https:\/\/www.vggourmet.com\/wp-content\/uploads\/2022\/04\/VG-LentilWalnut-Box-forweb-1.png\" \/>\n\t<meta property=\"og:image:width\" content=\"1220\" \/>\n\t<meta property=\"og:image:height\" content=\"878\" \/>\n\t<meta property=\"og:image:type\" content=\"image\/png\" \/>\n<meta name=\"twitter:card\" content=\"summary_large_image\" \/>\n<meta name=\"twitter:label1\" content=\"Estimation du temps de lecture\" \/>\n\t<meta name=\"twitter:data1\" content=\"1 minute\" \/>\n<!-- \/ Yoast SEO plugin. -->","yoast_head_json":{"title":"Lentil & Walnut Burger","description":"Vegan and Gluten Free Lentil Walnut Burgers with shiiitake mushrooms and fresh parsley!","robots":{"index":"index","follow":"follow","max-snippet":"max-snippet:-1","max-image-preview":"max-image-preview:large","max-video-preview":"max-video-preview:-1"},"canonical":"https:\/\/www.vggourmet.com\/fr\/produit\/lentil-walnut-burger\/","og_locale":"fr_CA","og_type":"article","og_title":"Lentil & Walnut Burger","og_description":"Vegan and Gluten Free Lentil Walnut Burgers with shiiitake mushrooms and fresh parsley!","og_url":"https:\/\/www.vggourmet.com\/fr\/produit\/lentil-walnut-burger\/","og_site_name":"VG Gourmet","article_publisher":"https:\/\/www.facebook.com\/VGGourmet","article_modified_time":"2024-06-01T10:57:45+00:00","og_image":[{"width":1220,"height":878,"url":"https:\/\/www.vggourmet.com\/wp-content\/uploads\/2022\/04\/VG-LentilWalnut-Box-forweb-1.png","type":"image\/png"}],"twitter_card":"summary_large_image","twitter_misc":{"Estimation du temps de lecture":"1 minute"},"schema":{"@context":"https:\/\/schema.org","@graph":[{"@type":"WebPage","@id":"https:\/\/www.vggourmet.com\/product\/lentil-walnut-burger\/","url":"https:\/\/www.vggourmet.com\/product\/lentil-walnut-burger\/","name":"Lentil & Walnut Burger","isPartOf":{"@id":"https:\/\/www.vggourmet.com\/#website"},"primaryImageOfPage":{"@id":"https:\/\/www.vggourmet.com\/product\/lentil-walnut-burger\/#primaryimage"},"image":{"@id":"https:\/\/www.vggourmet.com\/product\/lentil-walnut-burger\/#primaryimage"},"thumbnailUrl":"https:\/\/www.vggourmet.com\/wp-content\/uploads\/2022\/04\/VG-LentilWalnut-Box-forweb-1.png","datePublished":"2022-04-20T21:59:38+00:00","dateModified":"2024-06-01T10:57:45+00:00","description":"Vegan and Gluten Free Lentil Walnut Burgers with shiiitake mushrooms and fresh parsley!","breadcrumb":{"@id":"https:\/\/www.vggourmet.com\/product\/lentil-walnut-burger\/#breadcrumb"},"inLanguage":"fr-CA","potentialAction":[{"@type":"ReadAction","target":["https:\/\/www.vggourmet.com\/product\/lentil-walnut-burger\/"]}]},{"@type":"ImageObject","inLanguage":"fr-CA","@id":"https:\/\/www.vggourmet.com\/product\/lentil-walnut-burger\/#primaryimage","url":"https:\/\/www.vggourmet.com\/wp-content\/uploads\/2022\/04\/VG-LentilWalnut-Box-forweb-1.png","contentUrl":"https:\/\/www.vggourmet.com\/wp-content\/uploads\/2022\/04\/VG-LentilWalnut-Box-forweb-1.png","width":1220,"height":878},{"@type":"BreadcrumbList","@id":"https:\/\/www.vggourmet.com\/product\/lentil-walnut-burger\/#breadcrumb","itemListElement":[{"@type":"ListItem","position":1,"name":"Home","item":"https:\/\/www.vggourmet.com\/"},{"@type":"ListItem","position":2,"name":"Products","item":"https:\/\/www.vggourmet.com\/fr\/products\/"},{"@type":"ListItem","position":3,"name":"Lentil &#038; Walnut Burger"}]},{"@type":"WebSite","@id":"https:\/\/www.vggourmet.com\/#website","url":"https:\/\/www.vggourmet.com\/","name":"VG Gourmet","description":"Fresh Plant Based Products","publisher":{"@id":"https:\/\/www.vggourmet.com\/#organization"},"potentialAction":[{"@type":"SearchAction","target":{"@type":"EntryPoint","urlTemplate":"https:\/\/www.vggourmet.com\/?s={search_term_string}"},"query-input":{"@type":"PropertyValueSpecification","valueRequired":true,"valueName":"search_term_string"}}],"inLanguage":"fr-CA"},{"@type":"Organization","@id":"https:\/\/www.vggourmet.com\/#organization","name":"VG Gourmet","url":"https:\/\/www.vggourmet.com\/","logo":{"@type":"ImageObject","inLanguage":"fr-CA","@id":"https:\/\/www.vggourmet.com\/#\/schema\/logo\/image\/","url":"https:\/\/www.vggourmet.com\/wp-content\/uploads\/2022\/06\/VG-GOURMET-LOGO.png","contentUrl":"https:\/\/www.vggourmet.com\/wp-content\/uploads\/2022\/06\/VG-GOURMET-LOGO.png","width":88,"height":105,"caption":"VG Gourmet"},"image":{"@id":"https:\/\/www.vggourmet.com\/#\/schema\/logo\/image\/"},"sameAs":["https:\/\/www.facebook.com\/VGGourmet","https:\/\/www.pinterest.ca\/VGGourmet\/"]}]}},"_links":{"self":[{"href":"https:\/\/www.vggourmet.com\/fr\/wp-json\/wp\/v2\/product\/1146","targetHints":{"allow":["GET"]}}],"collection":[{"href":"https:\/\/www.vggourmet.com\/fr\/wp-json\/wp\/v2\/product"}],"about":[{"href":"https:\/\/www.vggourmet.com\/fr\/wp-json\/wp\/v2\/types\/product"}],"replies":[{"embeddable":true,"href":"https:\/\/www.vggourmet.com\/fr\/wp-json\/wp\/v2\/comments?post=1146"}],"wp:featuredmedia":[{"embeddable":true,"href":"https:\/\/www.vggourmet.com\/fr\/wp-json\/wp\/v2\/media\/9750"}],"wp:attachment":[{"href":"https:\/\/www.vggourmet.com\/fr\/wp-json\/wp\/v2\/media?parent=1146"}],"wp:term":[{"taxonomy":"product_brand","embeddable":true,"href":"https:\/\/www.vggourmet.com\/fr\/wp-json\/wp\/v2\/product_brand?post=1146"},{"taxonomy":"product_cat","embeddable":true,"href":"https:\/\/www.vggourmet.com\/fr\/wp-json\/wp\/v2\/product_cat?post=1146"},{"taxonomy":"product_tag","embeddable":true,"href":"https:\/\/www.vggourmet.com\/fr\/wp-json\/wp\/v2\/product_tag?post=1146"}],"curies":[{"name":"wp","href":"https:\/\/api.w.org\/{rel}","templated":true}]}}