{"id":1132,"date":"2022-04-20T20:53:17","date_gmt":"2022-04-20T20:53:17","guid":{"rendered":"https:\/\/www.vggourmet.com\/?post_type=product&#038;p=1132"},"modified":"2024-03-19T17:26:34","modified_gmt":"2024-03-19T17:26:34","slug":"beetballs","status":"publish","type":"product","link":"https:\/\/www.vggourmet.com\/fr\/produit\/beetballs\/","title":{"rendered":"BOULETTES \u00c0 LA BETTERAVE"},"content":{"rendered":"<p><i><span style=\"font-weight: 400;\">Contr\u00f4le<\/span><\/i><span style=\"font-weight: 400;\"> ta faim avec nos inf\u00e2mes Boulettes \u00e0 la Betterave ! Fabriqu\u00e9es avec des betteraves riches en antioxydants et des lentilles consistantes, elles \u00e9l\u00e8veront n'importe quel \u00e9v\u00e9nement. Ajoute-les \u00e0 tes bols de l\u00e9gumes ou sers-les comme l'entr\u00e9e la plus d\u00e9licieuse au monde ; les options sont infinies !<\/span><\/p>\n<p>Chaque bo\u00eete contient 260 g<\/p>\n<p>&nbsp;<\/p>","protected":false},"excerpt":{"rendered":"<p><i><span style=\"font-weight: 400;\">Contr\u00f4le<\/span><\/i><span style=\"font-weight: 400;\"> ta faim avec nos fameuses boulettes \u00e0 la betterave! \nC\u2019est certainement le compl\u00e9ment de repas le plus d\u00e9licieux au monde\u2026 ajoutez les boulettes \u00e0 vos bols de l\u00e9gumes ou servez-les comme ap\u00e9ritif, ce qui plaira \u00e0 toute la foule. Ils feront passer n'importe quel plat au niveau sup\u00e9rieur ! <\/span><\/p>","protected":false},"featured_media":9767,"comment_status":"closed","ping_status":"closed","template":"","meta":{"_acf_changed":false,"_monsterinsights_skip_tracking":false,"_monsterinsights_sitenote_active":false,"_monsterinsights_sitenote_note":"","_monsterinsights_sitenote_category":0},"product_brand":[],"product_cat":[71],"product_tag":[],"class_list":{"0":"post-1132","1":"product","2":"type-product","3":"status-publish","4":"has-post-thumbnail","6":"product_cat-beetballs","8":"first","9":"instock","10":"sale","11":"taxable","12":"shipping-taxable","13":"purchasable","14":"product-type-simple"},"acf":[],"yoast_head":"<!-- This site is optimized with the Yoast SEO plugin v27.4 - https:\/\/yoast.com\/product\/yoast-seo-wordpress\/ -->\n<title>BEETBALLS<\/title>\n<meta name=\"robots\" content=\"index, follow, max-snippet:-1, max-image-preview:large, max-video-preview:-1\" \/>\n<link rel=\"canonical\" href=\"https:\/\/www.vggourmet.com\/fr\/produit\/beetballs\/\" \/>\n<meta property=\"og:locale\" content=\"fr_CA\" \/>\n<meta property=\"og:type\" content=\"article\" \/>\n<meta property=\"og:title\" content=\"BEETBALLS\" \/>\n<meta property=\"og:description\" content=\"Beet your hunger with our infamous Beet Balls!. Made with antioxidant-rich beets beats and hearty lentils, they\u2019ll elevate any event. Add them to your veggie bowls or serve them as the world&#039;s most delicious appetizer; the options are endless!\" \/>\n<meta property=\"og:url\" content=\"https:\/\/www.vggourmet.com\/fr\/produit\/beetballs\/\" \/>\n<meta property=\"og:site_name\" content=\"VG Gourmet\" \/>\n<meta property=\"article:publisher\" content=\"https:\/\/www.facebook.com\/VGGourmet\" \/>\n<meta property=\"article:modified_time\" content=\"2024-03-19T17:26:34+00:00\" \/>\n<meta property=\"og:image\" content=\"https:\/\/www.vggourmet.com\/wp-content\/uploads\/2022\/04\/BEETBALLS-NEW-BOX-1-1024x768.png\" \/>\n\t<meta property=\"og:image:width\" content=\"1024\" \/>\n\t<meta property=\"og:image:height\" content=\"768\" \/>\n\t<meta property=\"og:image:type\" content=\"image\/png\" \/>\n<meta name=\"twitter:card\" content=\"summary_large_image\" \/>\n<meta name=\"twitter:label1\" content=\"Estimation du temps de lecture\" \/>\n\t<meta name=\"twitter:data1\" content=\"1 minute\" \/>\n<!-- \/ Yoast SEO plugin. -->","yoast_head_json":{"title":"BOULETTES \u00c0 LA BETTERAVE","robots":{"index":"index","follow":"follow","max-snippet":"max-snippet:-1","max-image-preview":"max-image-preview:large","max-video-preview":"max-video-preview:-1"},"canonical":"https:\/\/www.vggourmet.com\/fr\/produit\/beetballs\/","og_locale":"fr_CA","og_type":"article","og_title":"BEETBALLS","og_description":"Beet your hunger with our infamous Beet Balls!. Made with antioxidant-rich beets beats and hearty lentils, they\u2019ll elevate any event. Add them to your veggie bowls or serve them as the world's most delicious appetizer; the options are endless!","og_url":"https:\/\/www.vggourmet.com\/fr\/produit\/beetballs\/","og_site_name":"VG Gourmet","article_publisher":"https:\/\/www.facebook.com\/VGGourmet","article_modified_time":"2024-03-19T17:26:34+00:00","og_image":[{"width":1024,"height":768,"url":"https:\/\/www.vggourmet.com\/wp-content\/uploads\/2022\/04\/BEETBALLS-NEW-BOX-1-1024x768.png","type":"image\/png"}],"twitter_card":"summary_large_image","twitter_misc":{"Estimation du temps de lecture":"1 minute"},"schema":{"@context":"https:\/\/schema.org","@graph":[{"@type":"WebPage","@id":"https:\/\/www.vggourmet.com\/product\/beetballs\/","url":"https:\/\/www.vggourmet.com\/product\/beetballs\/","name":"BOULETTES \u00c0 LA BETTERAVE","isPartOf":{"@id":"https:\/\/www.vggourmet.com\/#website"},"primaryImageOfPage":{"@id":"https:\/\/www.vggourmet.com\/product\/beetballs\/#primaryimage"},"image":{"@id":"https:\/\/www.vggourmet.com\/product\/beetballs\/#primaryimage"},"thumbnailUrl":"https:\/\/www.vggourmet.com\/wp-content\/uploads\/2022\/04\/BEETBALLS-NEW-BOX-1.png","datePublished":"2022-04-20T20:53:17+00:00","dateModified":"2024-03-19T17:26:34+00:00","breadcrumb":{"@id":"https:\/\/www.vggourmet.com\/product\/beetballs\/#breadcrumb"},"inLanguage":"fr-CA","potentialAction":[{"@type":"ReadAction","target":["https:\/\/www.vggourmet.com\/product\/beetballs\/"]}]},{"@type":"ImageObject","inLanguage":"fr-CA","@id":"https:\/\/www.vggourmet.com\/product\/beetballs\/#primaryimage","url":"https:\/\/www.vggourmet.com\/wp-content\/uploads\/2022\/04\/BEETBALLS-NEW-BOX-1.png","contentUrl":"https:\/\/www.vggourmet.com\/wp-content\/uploads\/2022\/04\/BEETBALLS-NEW-BOX-1.png","width":1920,"height":1440},{"@type":"BreadcrumbList","@id":"https:\/\/www.vggourmet.com\/product\/beetballs\/#breadcrumb","itemListElement":[{"@type":"ListItem","position":1,"name":"Home","item":"https:\/\/www.vggourmet.com\/"},{"@type":"ListItem","position":2,"name":"Products","item":"https:\/\/www.vggourmet.com\/fr\/products\/"},{"@type":"ListItem","position":3,"name":"BEETBALLS"}]},{"@type":"WebSite","@id":"https:\/\/www.vggourmet.com\/#website","url":"https:\/\/www.vggourmet.com\/","name":"VG Gourmet","description":"Fresh Plant Based Products","publisher":{"@id":"https:\/\/www.vggourmet.com\/#organization"},"potentialAction":[{"@type":"SearchAction","target":{"@type":"EntryPoint","urlTemplate":"https:\/\/www.vggourmet.com\/?s={search_term_string}"},"query-input":{"@type":"PropertyValueSpecification","valueRequired":true,"valueName":"search_term_string"}}],"inLanguage":"fr-CA"},{"@type":"Organization","@id":"https:\/\/www.vggourmet.com\/#organization","name":"VG Gourmet","url":"https:\/\/www.vggourmet.com\/","logo":{"@type":"ImageObject","inLanguage":"fr-CA","@id":"https:\/\/www.vggourmet.com\/#\/schema\/logo\/image\/","url":"https:\/\/www.vggourmet.com\/wp-content\/uploads\/2022\/06\/VG-GOURMET-LOGO.png","contentUrl":"https:\/\/www.vggourmet.com\/wp-content\/uploads\/2022\/06\/VG-GOURMET-LOGO.png","width":88,"height":105,"caption":"VG Gourmet"},"image":{"@id":"https:\/\/www.vggourmet.com\/#\/schema\/logo\/image\/"},"sameAs":["https:\/\/www.facebook.com\/VGGourmet","https:\/\/www.pinterest.ca\/VGGourmet\/"]}]}},"_links":{"self":[{"href":"https:\/\/www.vggourmet.com\/fr\/wp-json\/wp\/v2\/product\/1132","targetHints":{"allow":["GET"]}}],"collection":[{"href":"https:\/\/www.vggourmet.com\/fr\/wp-json\/wp\/v2\/product"}],"about":[{"href":"https:\/\/www.vggourmet.com\/fr\/wp-json\/wp\/v2\/types\/product"}],"replies":[{"embeddable":true,"href":"https:\/\/www.vggourmet.com\/fr\/wp-json\/wp\/v2\/comments?post=1132"}],"wp:featuredmedia":[{"embeddable":true,"href":"https:\/\/www.vggourmet.com\/fr\/wp-json\/wp\/v2\/media\/9767"}],"wp:attachment":[{"href":"https:\/\/www.vggourmet.com\/fr\/wp-json\/wp\/v2\/media?parent=1132"}],"wp:term":[{"taxonomy":"product_brand","embeddable":true,"href":"https:\/\/www.vggourmet.com\/fr\/wp-json\/wp\/v2\/product_brand?post=1132"},{"taxonomy":"product_cat","embeddable":true,"href":"https:\/\/www.vggourmet.com\/fr\/wp-json\/wp\/v2\/product_cat?post=1132"},{"taxonomy":"product_tag","embeddable":true,"href":"https:\/\/www.vggourmet.com\/fr\/wp-json\/wp\/v2\/product_tag?post=1132"}],"curies":[{"name":"wp","href":"https:\/\/api.w.org\/{rel}","templated":true}]}}