{"id":1128,"date":"2022-04-20T20:36:20","date_gmt":"2022-04-20T20:36:20","guid":{"rendered":"https:\/\/www.vggourmet.com\/?post_type=product&#038;p=1128"},"modified":"2024-03-19T17:08:48","modified_gmt":"2024-03-19T17:08:48","slug":"mini-kebabs-2","status":"publish","type":"product","link":"https:\/\/www.vggourmet.com\/fr\/produit\/mini-kebabs-2\/","title":{"rendered":"K\u00c9BABS MINI"},"content":{"rendered":"<p><span style=\"font-weight: 400;\">Infus\u00e9 avec notre propre m\u00e9lange d'\u00e9pices moyennes-orientales, que nous broyons nous m\u00eames (y compris des graines de cardamome enti\u00e8res) ! Nos Mini K\u00e9babs aromatiques t'emm\u00e8neront directement sur la c\u00f4te de Babylone. Utilise-les pour garnir un bol de salade, dans un pita avec du hummus, ou sur du riz basmati pour plus de saveur et de prot\u00e9ines (ou mange-les seuls ; c\u2019est permis !).<\/span><\/p>\n<p>&nbsp;<\/p>\n<p>Chaque bo\u00eete contient 4 burgers X 100g<\/p>","protected":false},"excerpt":{"rendered":"<p><span style=\"font-weight: 400;\">Infus\u00e9 avec notre propre m\u00e9lange d'\u00e9pices moyennes-orientales, que nous broyons nous m\u00eames (y compris des graines de cardamome enti\u00e8res) ! Nos Mini K\u00e9babs aromatiques t'emm\u00e8neront directement sur la c\u00f4te de Babylone. Utilise-les pour garnir un bol de salade, dans un pita avec du hummus, ou sur du riz basmati pour plus de saveur et de prot\u00e9ines (ou mange-les seuls ; c\u2019est permis !).<\/span><\/p>","protected":false},"featured_media":9759,"comment_status":"closed","ping_status":"closed","template":"","meta":{"_acf_changed":false,"_monsterinsights_skip_tracking":false,"_monsterinsights_sitenote_active":false,"_monsterinsights_sitenote_note":"","_monsterinsights_sitenote_category":0},"product_brand":[],"product_cat":[69],"product_tag":[],"class_list":{"0":"post-1128","1":"product","2":"type-product","3":"status-publish","4":"has-post-thumbnail","6":"product_cat-plant-based-bites","8":"first","9":"instock","10":"taxable","11":"shipping-taxable","12":"purchasable","13":"product-type-simple"},"acf":[],"yoast_head":"<!-- This site is optimized with the Yoast SEO plugin v27.4 - https:\/\/yoast.com\/product\/yoast-seo-wordpress\/ -->\n<title>MINI KEBABS<\/title>\n<meta name=\"robots\" content=\"index, follow, max-snippet:-1, max-image-preview:large, max-video-preview:-1\" \/>\n<link rel=\"canonical\" href=\"https:\/\/www.vggourmet.com\/fr\/produit\/mini-kebabs-2\/\" \/>\n<meta property=\"og:locale\" content=\"fr_CA\" \/>\n<meta property=\"og:type\" content=\"article\" \/>\n<meta property=\"og:title\" content=\"MINI KEBABS\" \/>\n<meta property=\"og:description\" content=\"Infused with our own Middle-Eastern spice blend, that we grind in house (including whole cardamom pods)! Our aromatic Mini Kebabs will take you right to the coast of Babylon. Use them to top a salad bowl, in a pita on the go, or over basmati rice for extra flavour and protein (or eat them on their own; we don\u2019t make the rules!).\" \/>\n<meta property=\"og:url\" content=\"https:\/\/www.vggourmet.com\/fr\/produit\/mini-kebabs-2\/\" \/>\n<meta property=\"og:site_name\" content=\"VG Gourmet\" \/>\n<meta property=\"article:publisher\" content=\"https:\/\/www.facebook.com\/VGGourmet\" \/>\n<meta property=\"article:modified_time\" content=\"2024-03-19T17:08:48+00:00\" \/>\n<meta property=\"og:image\" content=\"https:\/\/www.vggourmet.com\/wp-content\/uploads\/2022\/04\/VG-MiniKebabs-Box-forweb-1.png\" \/>\n\t<meta property=\"og:image:width\" content=\"1091\" \/>\n\t<meta property=\"og:image:height\" content=\"865\" \/>\n\t<meta property=\"og:image:type\" content=\"image\/png\" \/>\n<meta name=\"twitter:card\" content=\"summary_large_image\" \/>\n<meta name=\"twitter:label1\" content=\"Estimation du temps de lecture\" \/>\n\t<meta name=\"twitter:data1\" content=\"1 minute\" \/>\n<!-- \/ Yoast SEO plugin. -->","yoast_head_json":{"title":"K\u00c9BABS MINI","robots":{"index":"index","follow":"follow","max-snippet":"max-snippet:-1","max-image-preview":"max-image-preview:large","max-video-preview":"max-video-preview:-1"},"canonical":"https:\/\/www.vggourmet.com\/fr\/produit\/mini-kebabs-2\/","og_locale":"fr_CA","og_type":"article","og_title":"MINI KEBABS","og_description":"Infused with our own Middle-Eastern spice blend, that we grind in house (including whole cardamom pods)! Our aromatic Mini Kebabs will take you right to the coast of Babylon. Use them to top a salad bowl, in a pita on the go, or over basmati rice for extra flavour and protein (or eat them on their own; we don\u2019t make the rules!).","og_url":"https:\/\/www.vggourmet.com\/fr\/produit\/mini-kebabs-2\/","og_site_name":"VG Gourmet","article_publisher":"https:\/\/www.facebook.com\/VGGourmet","article_modified_time":"2024-03-19T17:08:48+00:00","og_image":[{"width":1091,"height":865,"url":"https:\/\/www.vggourmet.com\/wp-content\/uploads\/2022\/04\/VG-MiniKebabs-Box-forweb-1.png","type":"image\/png"}],"twitter_card":"summary_large_image","twitter_misc":{"Estimation du temps de lecture":"1 minute"},"schema":{"@context":"https:\/\/schema.org","@graph":[{"@type":"WebPage","@id":"https:\/\/www.vggourmet.com\/product\/mini-kebabs-2\/","url":"https:\/\/www.vggourmet.com\/product\/mini-kebabs-2\/","name":"K\u00c9BABS MINI","isPartOf":{"@id":"https:\/\/www.vggourmet.com\/#website"},"primaryImageOfPage":{"@id":"https:\/\/www.vggourmet.com\/product\/mini-kebabs-2\/#primaryimage"},"image":{"@id":"https:\/\/www.vggourmet.com\/product\/mini-kebabs-2\/#primaryimage"},"thumbnailUrl":"https:\/\/www.vggourmet.com\/wp-content\/uploads\/2022\/04\/VG-MiniKebabs-Box-forweb-1.png","datePublished":"2022-04-20T20:36:20+00:00","dateModified":"2024-03-19T17:08:48+00:00","breadcrumb":{"@id":"https:\/\/www.vggourmet.com\/product\/mini-kebabs-2\/#breadcrumb"},"inLanguage":"fr-CA","potentialAction":[{"@type":"ReadAction","target":["https:\/\/www.vggourmet.com\/product\/mini-kebabs-2\/"]}]},{"@type":"ImageObject","inLanguage":"fr-CA","@id":"https:\/\/www.vggourmet.com\/product\/mini-kebabs-2\/#primaryimage","url":"https:\/\/www.vggourmet.com\/wp-content\/uploads\/2022\/04\/VG-MiniKebabs-Box-forweb-1.png","contentUrl":"https:\/\/www.vggourmet.com\/wp-content\/uploads\/2022\/04\/VG-MiniKebabs-Box-forweb-1.png","width":1091,"height":865},{"@type":"BreadcrumbList","@id":"https:\/\/www.vggourmet.com\/product\/mini-kebabs-2\/#breadcrumb","itemListElement":[{"@type":"ListItem","position":1,"name":"Home","item":"https:\/\/www.vggourmet.com\/"},{"@type":"ListItem","position":2,"name":"Products","item":"https:\/\/www.vggourmet.com\/fr\/products\/"},{"@type":"ListItem","position":3,"name":"MINI KEBABS"}]},{"@type":"WebSite","@id":"https:\/\/www.vggourmet.com\/#website","url":"https:\/\/www.vggourmet.com\/","name":"VG Gourmet","description":"Fresh Plant Based Products","publisher":{"@id":"https:\/\/www.vggourmet.com\/#organization"},"potentialAction":[{"@type":"SearchAction","target":{"@type":"EntryPoint","urlTemplate":"https:\/\/www.vggourmet.com\/?s={search_term_string}"},"query-input":{"@type":"PropertyValueSpecification","valueRequired":true,"valueName":"search_term_string"}}],"inLanguage":"fr-CA"},{"@type":"Organization","@id":"https:\/\/www.vggourmet.com\/#organization","name":"VG Gourmet","url":"https:\/\/www.vggourmet.com\/","logo":{"@type":"ImageObject","inLanguage":"fr-CA","@id":"https:\/\/www.vggourmet.com\/#\/schema\/logo\/image\/","url":"https:\/\/www.vggourmet.com\/wp-content\/uploads\/2022\/06\/VG-GOURMET-LOGO.png","contentUrl":"https:\/\/www.vggourmet.com\/wp-content\/uploads\/2022\/06\/VG-GOURMET-LOGO.png","width":88,"height":105,"caption":"VG Gourmet"},"image":{"@id":"https:\/\/www.vggourmet.com\/#\/schema\/logo\/image\/"},"sameAs":["https:\/\/www.facebook.com\/VGGourmet","https:\/\/www.pinterest.ca\/VGGourmet\/"]}]}},"_links":{"self":[{"href":"https:\/\/www.vggourmet.com\/fr\/wp-json\/wp\/v2\/product\/1128","targetHints":{"allow":["GET"]}}],"collection":[{"href":"https:\/\/www.vggourmet.com\/fr\/wp-json\/wp\/v2\/product"}],"about":[{"href":"https:\/\/www.vggourmet.com\/fr\/wp-json\/wp\/v2\/types\/product"}],"replies":[{"embeddable":true,"href":"https:\/\/www.vggourmet.com\/fr\/wp-json\/wp\/v2\/comments?post=1128"}],"wp:featuredmedia":[{"embeddable":true,"href":"https:\/\/www.vggourmet.com\/fr\/wp-json\/wp\/v2\/media\/9759"}],"wp:attachment":[{"href":"https:\/\/www.vggourmet.com\/fr\/wp-json\/wp\/v2\/media?parent=1128"}],"wp:term":[{"taxonomy":"product_brand","embeddable":true,"href":"https:\/\/www.vggourmet.com\/fr\/wp-json\/wp\/v2\/product_brand?post=1128"},{"taxonomy":"product_cat","embeddable":true,"href":"https:\/\/www.vggourmet.com\/fr\/wp-json\/wp\/v2\/product_cat?post=1128"},{"taxonomy":"product_tag","embeddable":true,"href":"https:\/\/www.vggourmet.com\/fr\/wp-json\/wp\/v2\/product_tag?post=1128"}],"curies":[{"name":"wp","href":"https:\/\/api.w.org\/{rel}","templated":true}]}}