{"id":1126,"date":"2022-04-20T20:31:53","date_gmt":"2022-04-20T20:31:53","guid":{"rendered":"https:\/\/www.vggourmet.com\/?post_type=product&#038;p=1126"},"modified":"2024-03-19T17:12:11","modified_gmt":"2024-03-19T17:12:11","slug":"buffalo-bites-2","status":"publish","type":"product","link":"https:\/\/www.vggourmet.com\/fr\/produit\/buffalo-bites-2\/","title":{"rendered":"BOUCH\u00c9ES BUFFALO"},"content":{"rendered":"<p>Il n'y a rien que ces bouch\u00e9es ne puissent faire ! Fabriqu\u00e9es avec des jalape\u00f1os frais pour un coup de fouet app\u00e9tissant ! D\u00e9guste-les seules, avec des b\u00e2tonnets de c\u00e9leri et de carotte, ou ajoute-les aux nachos, \u00e0 la pizza ou aux quesadillas pour une explosion de saveur !<\/p>\n<p>Chaque bo\u00eete contient 4 burgers X 100g<\/p>\n<p>&nbsp;<\/p>\n<p>&nbsp;<\/p>","protected":false},"excerpt":{"rendered":"<p>Ain\u2019t nothin\u2019 these bites can\u2019t do! Made with fresh jalapenos for a mouthwatering kick and a hearty texture with a satisfying bite like no other&#8230; cauliflower wings, who? Enjoy them on their own, with celery and carrot sticks, or add them to a nachos, pizza or quesadillas for an explosion of flavour!<\/p>","protected":false},"featured_media":9761,"comment_status":"closed","ping_status":"closed","template":"","meta":{"_acf_changed":false,"_monsterinsights_skip_tracking":false,"_monsterinsights_sitenote_active":false,"_monsterinsights_sitenote_note":"","_monsterinsights_sitenote_category":0},"product_brand":[],"product_cat":[69],"product_tag":[],"class_list":{"0":"post-1126","1":"product","2":"type-product","3":"status-publish","4":"has-post-thumbnail","6":"product_cat-plant-based-bites","8":"first","9":"instock","10":"taxable","11":"shipping-taxable","12":"purchasable","13":"product-type-simple"},"acf":[],"yoast_head":"<!-- This site is optimized with the Yoast SEO plugin v27.4 - https:\/\/yoast.com\/product\/yoast-seo-wordpress\/ -->\n<title>BUFFALO BITES<\/title>\n<meta name=\"robots\" content=\"index, follow, max-snippet:-1, max-image-preview:large, max-video-preview:-1\" \/>\n<link rel=\"canonical\" href=\"https:\/\/www.vggourmet.com\/fr\/produit\/buffalo-bites-2\/\" \/>\n<meta property=\"og:locale\" content=\"fr_CA\" \/>\n<meta property=\"og:type\" content=\"article\" \/>\n<meta property=\"og:title\" content=\"BUFFALO BITES\" \/>\n<meta property=\"og:description\" content=\"Ain\u2019t nothin\u2019 these bites can\u2019t do! Made with fresh jalapenos for a mouthwatering kick and a hearty texture with a satisfying bite like no other... cauliflower wings, who? Enjoy them on their own, with celery and carrot sticks, or add them to a nachos, pizza or quesadillas for an explosion of flavour!\" \/>\n<meta property=\"og:url\" content=\"https:\/\/www.vggourmet.com\/fr\/produit\/buffalo-bites-2\/\" \/>\n<meta property=\"og:site_name\" content=\"VG Gourmet\" \/>\n<meta property=\"article:publisher\" content=\"https:\/\/www.facebook.com\/VGGourmet\" \/>\n<meta property=\"article:modified_time\" content=\"2024-03-19T17:12:11+00:00\" \/>\n<meta property=\"og:image\" content=\"https:\/\/www.vggourmet.com\/wp-content\/uploads\/2022\/04\/BUFFALO-BITES-1024x776.png\" \/>\n\t<meta property=\"og:image:width\" content=\"1024\" \/>\n\t<meta property=\"og:image:height\" content=\"776\" \/>\n\t<meta property=\"og:image:type\" content=\"image\/png\" \/>\n<meta name=\"twitter:card\" content=\"summary_large_image\" \/>\n<meta name=\"twitter:label1\" content=\"Estimation du temps de lecture\" \/>\n\t<meta name=\"twitter:data1\" content=\"1 minute\" \/>\n<!-- \/ Yoast SEO plugin. -->","yoast_head_json":{"title":"BOUCH\u00c9ES BUFFALO","robots":{"index":"index","follow":"follow","max-snippet":"max-snippet:-1","max-image-preview":"max-image-preview:large","max-video-preview":"max-video-preview:-1"},"canonical":"https:\/\/www.vggourmet.com\/fr\/produit\/buffalo-bites-2\/","og_locale":"fr_CA","og_type":"article","og_title":"BUFFALO BITES","og_description":"Ain\u2019t nothin\u2019 these bites can\u2019t do! Made with fresh jalapenos for a mouthwatering kick and a hearty texture with a satisfying bite like no other... cauliflower wings, who? Enjoy them on their own, with celery and carrot sticks, or add them to a nachos, pizza or quesadillas for an explosion of flavour!","og_url":"https:\/\/www.vggourmet.com\/fr\/produit\/buffalo-bites-2\/","og_site_name":"VG Gourmet","article_publisher":"https:\/\/www.facebook.com\/VGGourmet","article_modified_time":"2024-03-19T17:12:11+00:00","og_image":[{"width":1024,"height":776,"url":"https:\/\/www.vggourmet.com\/wp-content\/uploads\/2022\/04\/BUFFALO-BITES-1024x776.png","type":"image\/png"}],"twitter_card":"summary_large_image","twitter_misc":{"Estimation du temps de lecture":"1 minute"},"schema":{"@context":"https:\/\/schema.org","@graph":[{"@type":"WebPage","@id":"https:\/\/www.vggourmet.com\/product\/buffalo-bites-2\/","url":"https:\/\/www.vggourmet.com\/product\/buffalo-bites-2\/","name":"BOUCH\u00c9ES BUFFALO","isPartOf":{"@id":"https:\/\/www.vggourmet.com\/#website"},"primaryImageOfPage":{"@id":"https:\/\/www.vggourmet.com\/product\/buffalo-bites-2\/#primaryimage"},"image":{"@id":"https:\/\/www.vggourmet.com\/product\/buffalo-bites-2\/#primaryimage"},"thumbnailUrl":"https:\/\/www.vggourmet.com\/wp-content\/uploads\/2022\/04\/BUFFALO-BITES.png","datePublished":"2022-04-20T20:31:53+00:00","dateModified":"2024-03-19T17:12:11+00:00","breadcrumb":{"@id":"https:\/\/www.vggourmet.com\/product\/buffalo-bites-2\/#breadcrumb"},"inLanguage":"fr-CA","potentialAction":[{"@type":"ReadAction","target":["https:\/\/www.vggourmet.com\/product\/buffalo-bites-2\/"]}]},{"@type":"ImageObject","inLanguage":"fr-CA","@id":"https:\/\/www.vggourmet.com\/product\/buffalo-bites-2\/#primaryimage","url":"https:\/\/www.vggourmet.com\/wp-content\/uploads\/2022\/04\/BUFFALO-BITES.png","contentUrl":"https:\/\/www.vggourmet.com\/wp-content\/uploads\/2022\/04\/BUFFALO-BITES.png","width":1484,"height":1125},{"@type":"BreadcrumbList","@id":"https:\/\/www.vggourmet.com\/product\/buffalo-bites-2\/#breadcrumb","itemListElement":[{"@type":"ListItem","position":1,"name":"Home","item":"https:\/\/www.vggourmet.com\/"},{"@type":"ListItem","position":2,"name":"Products","item":"https:\/\/www.vggourmet.com\/fr\/products\/"},{"@type":"ListItem","position":3,"name":"BUFFALO BITES"}]},{"@type":"WebSite","@id":"https:\/\/www.vggourmet.com\/#website","url":"https:\/\/www.vggourmet.com\/","name":"VG Gourmet","description":"Fresh Plant Based Products","publisher":{"@id":"https:\/\/www.vggourmet.com\/#organization"},"potentialAction":[{"@type":"SearchAction","target":{"@type":"EntryPoint","urlTemplate":"https:\/\/www.vggourmet.com\/?s={search_term_string}"},"query-input":{"@type":"PropertyValueSpecification","valueRequired":true,"valueName":"search_term_string"}}],"inLanguage":"fr-CA"},{"@type":"Organization","@id":"https:\/\/www.vggourmet.com\/#organization","name":"VG Gourmet","url":"https:\/\/www.vggourmet.com\/","logo":{"@type":"ImageObject","inLanguage":"fr-CA","@id":"https:\/\/www.vggourmet.com\/#\/schema\/logo\/image\/","url":"https:\/\/www.vggourmet.com\/wp-content\/uploads\/2022\/06\/VG-GOURMET-LOGO.png","contentUrl":"https:\/\/www.vggourmet.com\/wp-content\/uploads\/2022\/06\/VG-GOURMET-LOGO.png","width":88,"height":105,"caption":"VG Gourmet"},"image":{"@id":"https:\/\/www.vggourmet.com\/#\/schema\/logo\/image\/"},"sameAs":["https:\/\/www.facebook.com\/VGGourmet","https:\/\/www.pinterest.ca\/VGGourmet\/"]}]}},"_links":{"self":[{"href":"https:\/\/www.vggourmet.com\/fr\/wp-json\/wp\/v2\/product\/1126","targetHints":{"allow":["GET"]}}],"collection":[{"href":"https:\/\/www.vggourmet.com\/fr\/wp-json\/wp\/v2\/product"}],"about":[{"href":"https:\/\/www.vggourmet.com\/fr\/wp-json\/wp\/v2\/types\/product"}],"replies":[{"embeddable":true,"href":"https:\/\/www.vggourmet.com\/fr\/wp-json\/wp\/v2\/comments?post=1126"}],"wp:featuredmedia":[{"embeddable":true,"href":"https:\/\/www.vggourmet.com\/fr\/wp-json\/wp\/v2\/media\/9761"}],"wp:attachment":[{"href":"https:\/\/www.vggourmet.com\/fr\/wp-json\/wp\/v2\/media?parent=1126"}],"wp:term":[{"taxonomy":"product_brand","embeddable":true,"href":"https:\/\/www.vggourmet.com\/fr\/wp-json\/wp\/v2\/product_brand?post=1126"},{"taxonomy":"product_cat","embeddable":true,"href":"https:\/\/www.vggourmet.com\/fr\/wp-json\/wp\/v2\/product_cat?post=1126"},{"taxonomy":"product_tag","embeddable":true,"href":"https:\/\/www.vggourmet.com\/fr\/wp-json\/wp\/v2\/product_tag?post=1126"}],"curies":[{"name":"wp","href":"https:\/\/api.w.org\/{rel}","templated":true}]}}