{"id":1121,"date":"2022-04-20T20:28:38","date_gmt":"2022-04-20T20:28:38","guid":{"rendered":"https:\/\/www.vggourmet.com\/?post_type=product&#038;p=1121"},"modified":"2024-03-19T17:16:11","modified_gmt":"2024-03-19T17:16:11","slug":"teriyaki-bites","status":"publish","type":"product","link":"https:\/\/www.vggourmet.com\/fr\/produit\/teriyaki-bites\/","title":{"rendered":"BOUCH\u00c9ES TERIYAKI"},"content":{"rendered":"<p><span style=\"font-weight: 400;\">Pas ton plat \u00e0 emporter chinois moyen ! Fabriqu\u00e9es avec du gingembre biologique frais et des graines de s\u00e9same grill\u00e9es pour une combinaison ultime de collant et de sucr\u00e9. Ces bouch\u00e9es peuvent \u00eatre ajout\u00e9es \u00e0 ton saut\u00e9 ou \u00e0 ton bol de riz pour une dose suppl\u00e9mentaire de saveur qui fera passer ton repas du fait maison au gourmet en quelques minutes. Elles contiennent 11 grammes de prot\u00e9ines v\u00e9g\u00e9tales par portion !<\/span><\/p>\n<p>&nbsp;<\/p>\n<p>Chaque bo\u00eete contient 4 burgers X 100g<\/p>","protected":false},"excerpt":{"rendered":"<p><span style=\"font-weight: 400;\">Pas ton plat \u00e0 emporter chinois moyen ! Fabriqu\u00e9es avec du gingembre biologique frais et des graines de s\u00e9same grill\u00e9es pour une combinaison ultime de collant et de sucr\u00e9. Ces bouch\u00e9es peuvent \u00eatre ajout\u00e9es \u00e0 ton saut\u00e9 ou \u00e0 ton bol de riz pour une dose suppl\u00e9mentaire de saveur qui fera passer ton repas du fait maison au gourmet en quelques minutes. Elles contiennent 11 grammes de prot\u00e9ines v\u00e9g\u00e9tales par portion !<\/span><\/p>","protected":false},"featured_media":9763,"comment_status":"closed","ping_status":"closed","template":"","meta":{"_acf_changed":false,"_monsterinsights_skip_tracking":false,"_monsterinsights_sitenote_active":false,"_monsterinsights_sitenote_note":"","_monsterinsights_sitenote_category":0},"product_brand":[],"product_cat":[69],"product_tag":[],"class_list":{"0":"post-1121","1":"product","2":"type-product","3":"status-publish","4":"has-post-thumbnail","6":"product_cat-plant-based-bites","8":"first","9":"instock","10":"taxable","11":"shipping-taxable","12":"purchasable","13":"product-type-simple"},"acf":[],"yoast_head":"<!-- This site is optimized with the Yoast SEO plugin v27.5 - https:\/\/yoast.com\/product\/yoast-seo-wordpress\/ -->\n<title>TERIYAKI BITES<\/title>\n<meta name=\"robots\" content=\"index, follow, max-snippet:-1, max-image-preview:large, max-video-preview:-1\" \/>\n<link rel=\"canonical\" href=\"https:\/\/www.vggourmet.com\/fr\/produit\/teriyaki-bites\/\" \/>\n<meta property=\"og:locale\" content=\"fr_CA\" \/>\n<meta property=\"og:type\" content=\"article\" \/>\n<meta property=\"og:title\" content=\"TERIYAKI BITES\" \/>\n<meta property=\"og:description\" content=\"Not your average Chinese takeout! Made with fresh organic ginger and toasted sesame seeds for the ultimate combination of sticky and sweet. These Bites can be added to your stir-fry or rice bowl for an extra dose of flavour that will take your meal from homemade to gourmet in minutes. These pack 11 grams of Plant-Based Protein per serving!\" \/>\n<meta property=\"og:url\" content=\"https:\/\/www.vggourmet.com\/fr\/produit\/teriyaki-bites\/\" \/>\n<meta property=\"og:site_name\" content=\"VG Gourmet\" \/>\n<meta property=\"article:publisher\" content=\"https:\/\/www.facebook.com\/VGGourmet\" \/>\n<meta property=\"article:modified_time\" content=\"2024-03-19T17:16:11+00:00\" \/>\n<meta property=\"og:image\" content=\"https:\/\/www.vggourmet.com\/wp-content\/uploads\/2022\/04\/TERIYAKI-BITES.png\" \/>\n\t<meta property=\"og:image:width\" content=\"1085\" \/>\n\t<meta property=\"og:image:height\" content=\"860\" \/>\n\t<meta property=\"og:image:type\" content=\"image\/png\" \/>\n<meta name=\"twitter:card\" content=\"summary_large_image\" \/>\n<meta name=\"twitter:label1\" content=\"Estimation du temps de lecture\" \/>\n\t<meta name=\"twitter:data1\" content=\"1 minute\" \/>\n<!-- \/ Yoast SEO plugin. -->","yoast_head_json":{"title":"BOUCH\u00c9ES TERIYAKI","robots":{"index":"index","follow":"follow","max-snippet":"max-snippet:-1","max-image-preview":"max-image-preview:large","max-video-preview":"max-video-preview:-1"},"canonical":"https:\/\/www.vggourmet.com\/fr\/produit\/teriyaki-bites\/","og_locale":"fr_CA","og_type":"article","og_title":"TERIYAKI BITES","og_description":"Not your average Chinese takeout! Made with fresh organic ginger and toasted sesame seeds for the ultimate combination of sticky and sweet. These Bites can be added to your stir-fry or rice bowl for an extra dose of flavour that will take your meal from homemade to gourmet in minutes. These pack 11 grams of Plant-Based Protein per serving!","og_url":"https:\/\/www.vggourmet.com\/fr\/produit\/teriyaki-bites\/","og_site_name":"VG Gourmet","article_publisher":"https:\/\/www.facebook.com\/VGGourmet","article_modified_time":"2024-03-19T17:16:11+00:00","og_image":[{"width":1085,"height":860,"url":"https:\/\/www.vggourmet.com\/wp-content\/uploads\/2022\/04\/TERIYAKI-BITES.png","type":"image\/png"}],"twitter_card":"summary_large_image","twitter_misc":{"Estimation du temps de lecture":"1 minute"},"schema":{"@context":"https:\/\/schema.org","@graph":[{"@type":"WebPage","@id":"https:\/\/www.vggourmet.com\/product\/teriyaki-bites\/","url":"https:\/\/www.vggourmet.com\/product\/teriyaki-bites\/","name":"BOUCH\u00c9ES TERIYAKI","isPartOf":{"@id":"https:\/\/www.vggourmet.com\/#website"},"primaryImageOfPage":{"@id":"https:\/\/www.vggourmet.com\/product\/teriyaki-bites\/#primaryimage"},"image":{"@id":"https:\/\/www.vggourmet.com\/product\/teriyaki-bites\/#primaryimage"},"thumbnailUrl":"https:\/\/www.vggourmet.com\/wp-content\/uploads\/2022\/04\/TERIYAKI-BITES.png","datePublished":"2022-04-20T20:28:38+00:00","dateModified":"2024-03-19T17:16:11+00:00","breadcrumb":{"@id":"https:\/\/www.vggourmet.com\/product\/teriyaki-bites\/#breadcrumb"},"inLanguage":"fr-CA","potentialAction":[{"@type":"ReadAction","target":["https:\/\/www.vggourmet.com\/product\/teriyaki-bites\/"]}]},{"@type":"ImageObject","inLanguage":"fr-CA","@id":"https:\/\/www.vggourmet.com\/product\/teriyaki-bites\/#primaryimage","url":"https:\/\/www.vggourmet.com\/wp-content\/uploads\/2022\/04\/TERIYAKI-BITES.png","contentUrl":"https:\/\/www.vggourmet.com\/wp-content\/uploads\/2022\/04\/TERIYAKI-BITES.png","width":1085,"height":860},{"@type":"BreadcrumbList","@id":"https:\/\/www.vggourmet.com\/product\/teriyaki-bites\/#breadcrumb","itemListElement":[{"@type":"ListItem","position":1,"name":"Home","item":"https:\/\/www.vggourmet.com\/"},{"@type":"ListItem","position":2,"name":"Products","item":"https:\/\/www.vggourmet.com\/fr\/products\/"},{"@type":"ListItem","position":3,"name":"TERIYAKI BITES"}]},{"@type":"WebSite","@id":"https:\/\/www.vggourmet.com\/#website","url":"https:\/\/www.vggourmet.com\/","name":"VG Gourmet","description":"Fresh Plant Based Products","publisher":{"@id":"https:\/\/www.vggourmet.com\/#organization"},"potentialAction":[{"@type":"SearchAction","target":{"@type":"EntryPoint","urlTemplate":"https:\/\/www.vggourmet.com\/?s={search_term_string}"},"query-input":{"@type":"PropertyValueSpecification","valueRequired":true,"valueName":"search_term_string"}}],"inLanguage":"fr-CA"},{"@type":"Organization","@id":"https:\/\/www.vggourmet.com\/#organization","name":"VG Gourmet","url":"https:\/\/www.vggourmet.com\/","logo":{"@type":"ImageObject","inLanguage":"fr-CA","@id":"https:\/\/www.vggourmet.com\/#\/schema\/logo\/image\/","url":"https:\/\/www.vggourmet.com\/wp-content\/uploads\/2022\/06\/VG-GOURMET-LOGO.png","contentUrl":"https:\/\/www.vggourmet.com\/wp-content\/uploads\/2022\/06\/VG-GOURMET-LOGO.png","width":88,"height":105,"caption":"VG Gourmet"},"image":{"@id":"https:\/\/www.vggourmet.com\/#\/schema\/logo\/image\/"},"sameAs":["https:\/\/www.facebook.com\/VGGourmet","https:\/\/www.pinterest.ca\/VGGourmet\/"]}]}},"_links":{"self":[{"href":"https:\/\/www.vggourmet.com\/fr\/wp-json\/wp\/v2\/product\/1121","targetHints":{"allow":["GET"]}}],"collection":[{"href":"https:\/\/www.vggourmet.com\/fr\/wp-json\/wp\/v2\/product"}],"about":[{"href":"https:\/\/www.vggourmet.com\/fr\/wp-json\/wp\/v2\/types\/product"}],"replies":[{"embeddable":true,"href":"https:\/\/www.vggourmet.com\/fr\/wp-json\/wp\/v2\/comments?post=1121"}],"wp:featuredmedia":[{"embeddable":true,"href":"https:\/\/www.vggourmet.com\/fr\/wp-json\/wp\/v2\/media\/9763"}],"wp:attachment":[{"href":"https:\/\/www.vggourmet.com\/fr\/wp-json\/wp\/v2\/media?parent=1121"}],"wp:term":[{"taxonomy":"product_brand","embeddable":true,"href":"https:\/\/www.vggourmet.com\/fr\/wp-json\/wp\/v2\/product_brand?post=1121"},{"taxonomy":"product_cat","embeddable":true,"href":"https:\/\/www.vggourmet.com\/fr\/wp-json\/wp\/v2\/product_cat?post=1121"},{"taxonomy":"product_tag","embeddable":true,"href":"https:\/\/www.vggourmet.com\/fr\/wp-json\/wp\/v2\/product_tag?post=1121"}],"curies":[{"name":"wp","href":"https:\/\/api.w.org\/{rel}","templated":true}]}}