{"id":1119,"date":"2022-04-20T19:51:37","date_gmt":"2022-04-20T19:51:37","guid":{"rendered":"https:\/\/www.vggourmet.com\/?post_type=product&#038;p=1119"},"modified":"2024-09-18T13:26:11","modified_gmt":"2024-09-18T13:26:11","slug":"sweet-potato-black-bean-burger-2","status":"publish","type":"product","link":"https:\/\/www.vggourmet.com\/fr\/produit\/sweet-potato-black-bean-burger-2\/","title":{"rendered":"Sweet Potato &#038; Black Bean Burger"},"content":{"rendered":"<p><span style=\"font-weight: 400;\">La patate douce riche en vitamine C et les haricots noirs consistants s'associent au paprika fum\u00e9 et aux flocons d'avoine pour cr\u00e9er le hamburger de tes r\u00eaves. Oh, et avons-nous mentionn\u00e9 qu'il ne contient pas de soja ? Oui, nous l'avons fait.<\/span><\/p>\n<p>Chaque bo\u00eete contient 4 burgers X 100g<\/p>","protected":false},"excerpt":{"rendered":"<p><span style=\"font-weight: 400;\">La patate douce riche en vitamine C et les haricots noirs sains s'associent au paprika fum\u00e9 et aux flocons d'avoine pour cr\u00e9er le burger de vos r\u00eaves. Oh, et avons-nous mentionn\u00e9 qu'il est sans soja? Oui, nous l'avons fait. <\/span><\/p>","protected":false},"featured_media":9742,"comment_status":"closed","ping_status":"closed","template":"","meta":{"_acf_changed":false,"_monsterinsights_skip_tracking":false,"_monsterinsights_sitenote_active":false,"_monsterinsights_sitenote_note":"","_monsterinsights_sitenote_category":0},"product_brand":[],"product_cat":[73],"product_tag":[],"class_list":{"0":"post-1119","1":"product","2":"type-product","3":"status-publish","4":"has-post-thumbnail","6":"product_cat-veggie-burgers","8":"first","9":"instock","10":"taxable","11":"shipping-taxable","12":"purchasable","13":"product-type-simple"},"acf":[],"yoast_head":"<!-- This site is optimized with the Yoast SEO plugin v27.4 - https:\/\/yoast.com\/product\/yoast-seo-wordpress\/ -->\n<title>Sweet Potato &amp; Black Bean Burger<\/title>\n<meta name=\"robots\" content=\"index, follow, max-snippet:-1, max-image-preview:large, max-video-preview:-1\" \/>\n<link rel=\"canonical\" href=\"https:\/\/www.vggourmet.com\/fr\/produit\/sweet-potato-black-bean-burger-2\/\" \/>\n<meta property=\"og:locale\" content=\"fr_CA\" \/>\n<meta property=\"og:type\" content=\"article\" \/>\n<meta property=\"og:title\" content=\"Sweet Potato &amp; Black Bean Burger\" \/>\n<meta property=\"og:description\" content=\"Vitamin C-rich sweet potato and healthful black beans join forces with smoked paprika and rolled oats to make the burger of your dreams. Oh, and did we mention it\u2019s soy free? Yes, we did it.\" \/>\n<meta property=\"og:url\" content=\"https:\/\/www.vggourmet.com\/fr\/produit\/sweet-potato-black-bean-burger-2\/\" \/>\n<meta property=\"og:site_name\" content=\"VG Gourmet\" \/>\n<meta property=\"article:publisher\" content=\"https:\/\/www.facebook.com\/VGGourmet\" \/>\n<meta property=\"article:modified_time\" content=\"2024-09-18T13:26:11+00:00\" \/>\n<meta property=\"og:image\" content=\"https:\/\/www.vggourmet.com\/wp-content\/uploads\/2022\/04\/VG-SweetPotBlackBean-Box-forweb-1.png\" \/>\n\t<meta property=\"og:image:width\" content=\"1239\" \/>\n\t<meta property=\"og:image:height\" content=\"880\" \/>\n\t<meta property=\"og:image:type\" content=\"image\/png\" \/>\n<meta name=\"twitter:card\" content=\"summary_large_image\" \/>\n<meta name=\"twitter:label1\" content=\"Estimation du temps de lecture\" \/>\n\t<meta name=\"twitter:data1\" content=\"1 minute\" \/>\n<!-- \/ Yoast SEO plugin. -->","yoast_head_json":{"title":"Sweet Potato & Black Bean Burger","robots":{"index":"index","follow":"follow","max-snippet":"max-snippet:-1","max-image-preview":"max-image-preview:large","max-video-preview":"max-video-preview:-1"},"canonical":"https:\/\/www.vggourmet.com\/fr\/produit\/sweet-potato-black-bean-burger-2\/","og_locale":"fr_CA","og_type":"article","og_title":"Sweet Potato & Black Bean Burger","og_description":"Vitamin C-rich sweet potato and healthful black beans join forces with smoked paprika and rolled oats to make the burger of your dreams. Oh, and did we mention it\u2019s soy free? Yes, we did it.","og_url":"https:\/\/www.vggourmet.com\/fr\/produit\/sweet-potato-black-bean-burger-2\/","og_site_name":"VG Gourmet","article_publisher":"https:\/\/www.facebook.com\/VGGourmet","article_modified_time":"2024-09-18T13:26:11+00:00","og_image":[{"width":1239,"height":880,"url":"https:\/\/www.vggourmet.com\/wp-content\/uploads\/2022\/04\/VG-SweetPotBlackBean-Box-forweb-1.png","type":"image\/png"}],"twitter_card":"summary_large_image","twitter_misc":{"Estimation du temps de lecture":"1 minute"},"schema":{"@context":"https:\/\/schema.org","@graph":[{"@type":"WebPage","@id":"https:\/\/www.vggourmet.com\/product\/sweet-potato-black-bean-burger-2\/","url":"https:\/\/www.vggourmet.com\/product\/sweet-potato-black-bean-burger-2\/","name":"Sweet Potato & Black Bean Burger","isPartOf":{"@id":"https:\/\/www.vggourmet.com\/#website"},"primaryImageOfPage":{"@id":"https:\/\/www.vggourmet.com\/product\/sweet-potato-black-bean-burger-2\/#primaryimage"},"image":{"@id":"https:\/\/www.vggourmet.com\/product\/sweet-potato-black-bean-burger-2\/#primaryimage"},"thumbnailUrl":"https:\/\/www.vggourmet.com\/wp-content\/uploads\/2022\/04\/VG-SweetPotBlackBean-Box-forweb-1.png","datePublished":"2022-04-20T19:51:37+00:00","dateModified":"2024-09-18T13:26:11+00:00","breadcrumb":{"@id":"https:\/\/www.vggourmet.com\/product\/sweet-potato-black-bean-burger-2\/#breadcrumb"},"inLanguage":"fr-CA","potentialAction":[{"@type":"ReadAction","target":["https:\/\/www.vggourmet.com\/product\/sweet-potato-black-bean-burger-2\/"]}]},{"@type":"ImageObject","inLanguage":"fr-CA","@id":"https:\/\/www.vggourmet.com\/product\/sweet-potato-black-bean-burger-2\/#primaryimage","url":"https:\/\/www.vggourmet.com\/wp-content\/uploads\/2022\/04\/VG-SweetPotBlackBean-Box-forweb-1.png","contentUrl":"https:\/\/www.vggourmet.com\/wp-content\/uploads\/2022\/04\/VG-SweetPotBlackBean-Box-forweb-1.png","width":1239,"height":880},{"@type":"BreadcrumbList","@id":"https:\/\/www.vggourmet.com\/product\/sweet-potato-black-bean-burger-2\/#breadcrumb","itemListElement":[{"@type":"ListItem","position":1,"name":"Home","item":"https:\/\/www.vggourmet.com\/"},{"@type":"ListItem","position":2,"name":"Products","item":"https:\/\/www.vggourmet.com\/fr\/products\/"},{"@type":"ListItem","position":3,"name":"Sweet Potato &#038; Black Bean Burger"}]},{"@type":"WebSite","@id":"https:\/\/www.vggourmet.com\/#website","url":"https:\/\/www.vggourmet.com\/","name":"VG Gourmet","description":"Fresh Plant Based Products","publisher":{"@id":"https:\/\/www.vggourmet.com\/#organization"},"potentialAction":[{"@type":"SearchAction","target":{"@type":"EntryPoint","urlTemplate":"https:\/\/www.vggourmet.com\/?s={search_term_string}"},"query-input":{"@type":"PropertyValueSpecification","valueRequired":true,"valueName":"search_term_string"}}],"inLanguage":"fr-CA"},{"@type":"Organization","@id":"https:\/\/www.vggourmet.com\/#organization","name":"VG Gourmet","url":"https:\/\/www.vggourmet.com\/","logo":{"@type":"ImageObject","inLanguage":"fr-CA","@id":"https:\/\/www.vggourmet.com\/#\/schema\/logo\/image\/","url":"https:\/\/www.vggourmet.com\/wp-content\/uploads\/2022\/06\/VG-GOURMET-LOGO.png","contentUrl":"https:\/\/www.vggourmet.com\/wp-content\/uploads\/2022\/06\/VG-GOURMET-LOGO.png","width":88,"height":105,"caption":"VG Gourmet"},"image":{"@id":"https:\/\/www.vggourmet.com\/#\/schema\/logo\/image\/"},"sameAs":["https:\/\/www.facebook.com\/VGGourmet","https:\/\/www.pinterest.ca\/VGGourmet\/"]}]}},"_links":{"self":[{"href":"https:\/\/www.vggourmet.com\/fr\/wp-json\/wp\/v2\/product\/1119","targetHints":{"allow":["GET"]}}],"collection":[{"href":"https:\/\/www.vggourmet.com\/fr\/wp-json\/wp\/v2\/product"}],"about":[{"href":"https:\/\/www.vggourmet.com\/fr\/wp-json\/wp\/v2\/types\/product"}],"replies":[{"embeddable":true,"href":"https:\/\/www.vggourmet.com\/fr\/wp-json\/wp\/v2\/comments?post=1119"}],"wp:featuredmedia":[{"embeddable":true,"href":"https:\/\/www.vggourmet.com\/fr\/wp-json\/wp\/v2\/media\/9742"}],"wp:attachment":[{"href":"https:\/\/www.vggourmet.com\/fr\/wp-json\/wp\/v2\/media?parent=1119"}],"wp:term":[{"taxonomy":"product_brand","embeddable":true,"href":"https:\/\/www.vggourmet.com\/fr\/wp-json\/wp\/v2\/product_brand?post=1119"},{"taxonomy":"product_cat","embeddable":true,"href":"https:\/\/www.vggourmet.com\/fr\/wp-json\/wp\/v2\/product_cat?post=1119"},{"taxonomy":"product_tag","embeddable":true,"href":"https:\/\/www.vggourmet.com\/fr\/wp-json\/wp\/v2\/product_tag?post=1119"}],"curies":[{"name":"wp","href":"https:\/\/api.w.org\/{rel}","templated":true}]}}