{"id":1106,"date":"2022-04-20T19:46:15","date_gmt":"2022-04-20T19:46:15","guid":{"rendered":"https:\/\/www.vggourmet.com\/?post_type=product&#038;p=1106"},"modified":"2024-09-18T12:25:25","modified_gmt":"2024-09-18T12:25:25","slug":"quinoa-chickpea-burger","status":"publish","type":"product","link":"https:\/\/www.vggourmet.com\/fr\/produit\/quinoa-chickpea-burger\/","title":{"rendered":"Quinoa et Pois Chiches"},"content":{"rendered":"<p><span style=\"font-weight: 400;\">Nomme un duo plus embl\u00e9matique, nous te mettons au d\u00e9fi. Le quinoa super-alimentaire et les pois chiches nutritifs s'unissent \u00e0 l'aneth frais et au jus de citron biologique pour cr\u00e9er le burger estival ultime qui plaira \u00e0 tout le monde ! Savoure-les sur un petit pain, ou pour changer, nous les adorons sur un pain pita croustillant avec des tomates fra\u00eeches ou hach\u00e9s dans une salade !\u00a0<\/span><\/p>\n<p>Chaque bo\u00eete contient 4 burgers X 100g<\/p>","protected":false},"excerpt":{"rendered":"<p><span style=\"font-weight: 400;\">Nomme un duo plus embl\u00e9matique, nous te mettons au d\u00e9fi ! Le quinoa super nourrissant et les pois chiches nutritifs se r\u00e9unissent avec de l'aneth frais et du jus de citron bio pour le burger d'\u00e9t\u00e9 ultime qui plaira \u00e0 tout le monde ! <\/span><\/p>","protected":false},"featured_media":9754,"comment_status":"closed","ping_status":"closed","template":"","meta":{"_acf_changed":false,"_monsterinsights_skip_tracking":false,"_monsterinsights_sitenote_active":false,"_monsterinsights_sitenote_note":"","_monsterinsights_sitenote_category":0},"product_brand":[],"product_cat":[73],"product_tag":[],"class_list":{"0":"post-1106","1":"product","2":"type-product","3":"status-publish","4":"has-post-thumbnail","6":"product_cat-veggie-burgers","8":"first","9":"instock","10":"taxable","11":"shipping-taxable","12":"purchasable","13":"product-type-simple"},"acf":[],"yoast_head":"<!-- This site is optimized with the Yoast SEO plugin v27.4 - https:\/\/yoast.com\/product\/yoast-seo-wordpress\/ -->\n<title>Quinoa &amp; Chickpea Veggie Burger<\/title>\n<meta name=\"description\" content=\"Vegan and gluten free Quinoa and Chickpea vegan burgers. Made in Montreal with fresh dill and lemon juice.\" \/>\n<meta name=\"robots\" content=\"index, follow, max-snippet:-1, max-image-preview:large, max-video-preview:-1\" \/>\n<link rel=\"canonical\" href=\"https:\/\/www.vggourmet.com\/fr\/produit\/quinoa-chickpea-burger\/\" \/>\n<meta property=\"og:locale\" content=\"fr_CA\" \/>\n<meta property=\"og:type\" content=\"article\" \/>\n<meta property=\"og:title\" content=\"Quinoa &amp; Chickpea Veggie Burger\" \/>\n<meta property=\"og:description\" content=\"Vegan and gluten free Quinoa and Chickpea vegan burgers. Made in Montreal with fresh dill and lemon juice.\" \/>\n<meta property=\"og:url\" content=\"https:\/\/www.vggourmet.com\/fr\/produit\/quinoa-chickpea-burger\/\" \/>\n<meta property=\"og:site_name\" content=\"VG Gourmet\" \/>\n<meta property=\"article:publisher\" content=\"https:\/\/www.facebook.com\/VGGourmet\" \/>\n<meta property=\"article:modified_time\" content=\"2024-09-18T12:25:25+00:00\" \/>\n<meta property=\"og:image\" content=\"https:\/\/www.vggourmet.com\/wp-content\/uploads\/2022\/04\/VG-QuinoaChickpea-Box-3-1024x735.png\" \/>\n\t<meta property=\"og:image:width\" content=\"1024\" \/>\n\t<meta property=\"og:image:height\" content=\"735\" \/>\n\t<meta property=\"og:image:type\" content=\"image\/png\" \/>\n<meta name=\"twitter:card\" content=\"summary_large_image\" \/>\n<meta name=\"twitter:label1\" content=\"Estimation du temps de lecture\" \/>\n\t<meta name=\"twitter:data1\" content=\"1 minute\" \/>\n<!-- \/ Yoast SEO plugin. -->","yoast_head_json":{"title":"Quinoa & Chickpea Veggie Burger","description":"Vegan and gluten free Quinoa and Chickpea vegan burgers. Made in Montreal with fresh dill and lemon juice.","robots":{"index":"index","follow":"follow","max-snippet":"max-snippet:-1","max-image-preview":"max-image-preview:large","max-video-preview":"max-video-preview:-1"},"canonical":"https:\/\/www.vggourmet.com\/fr\/produit\/quinoa-chickpea-burger\/","og_locale":"fr_CA","og_type":"article","og_title":"Quinoa & Chickpea Veggie Burger","og_description":"Vegan and gluten free Quinoa and Chickpea vegan burgers. Made in Montreal with fresh dill and lemon juice.","og_url":"https:\/\/www.vggourmet.com\/fr\/produit\/quinoa-chickpea-burger\/","og_site_name":"VG Gourmet","article_publisher":"https:\/\/www.facebook.com\/VGGourmet","article_modified_time":"2024-09-18T12:25:25+00:00","og_image":[{"width":1024,"height":735,"url":"https:\/\/www.vggourmet.com\/wp-content\/uploads\/2022\/04\/VG-QuinoaChickpea-Box-3-1024x735.png","type":"image\/png"}],"twitter_card":"summary_large_image","twitter_misc":{"Estimation du temps de lecture":"1 minute"},"schema":{"@context":"https:\/\/schema.org","@graph":[{"@type":"WebPage","@id":"https:\/\/www.vggourmet.com\/product\/quinoa-chickpea-burger\/","url":"https:\/\/www.vggourmet.com\/product\/quinoa-chickpea-burger\/","name":"Quinoa & Chickpea Veggie Burger","isPartOf":{"@id":"https:\/\/www.vggourmet.com\/#website"},"primaryImageOfPage":{"@id":"https:\/\/www.vggourmet.com\/product\/quinoa-chickpea-burger\/#primaryimage"},"image":{"@id":"https:\/\/www.vggourmet.com\/product\/quinoa-chickpea-burger\/#primaryimage"},"thumbnailUrl":"https:\/\/www.vggourmet.com\/wp-content\/uploads\/2022\/04\/VG-QuinoaChickpea-Box-3.png","datePublished":"2022-04-20T19:46:15+00:00","dateModified":"2024-09-18T12:25:25+00:00","description":"Vegan and gluten free Quinoa and Chickpea vegan burgers. Made in Montreal with fresh dill and lemon juice.","breadcrumb":{"@id":"https:\/\/www.vggourmet.com\/product\/quinoa-chickpea-burger\/#breadcrumb"},"inLanguage":"fr-CA","potentialAction":[{"@type":"ReadAction","target":["https:\/\/www.vggourmet.com\/product\/quinoa-chickpea-burger\/"]}]},{"@type":"ImageObject","inLanguage":"fr-CA","@id":"https:\/\/www.vggourmet.com\/product\/quinoa-chickpea-burger\/#primaryimage","url":"https:\/\/www.vggourmet.com\/wp-content\/uploads\/2022\/04\/VG-QuinoaChickpea-Box-3.png","contentUrl":"https:\/\/www.vggourmet.com\/wp-content\/uploads\/2022\/04\/VG-QuinoaChickpea-Box-3.png","width":1920,"height":1378},{"@type":"BreadcrumbList","@id":"https:\/\/www.vggourmet.com\/product\/quinoa-chickpea-burger\/#breadcrumb","itemListElement":[{"@type":"ListItem","position":1,"name":"Home","item":"https:\/\/www.vggourmet.com\/"},{"@type":"ListItem","position":2,"name":"Products","item":"https:\/\/www.vggourmet.com\/fr\/products\/"},{"@type":"ListItem","position":3,"name":"Quinoa &#038; Chickpea Burger"}]},{"@type":"WebSite","@id":"https:\/\/www.vggourmet.com\/#website","url":"https:\/\/www.vggourmet.com\/","name":"VG Gourmet","description":"Fresh Plant Based Products","publisher":{"@id":"https:\/\/www.vggourmet.com\/#organization"},"potentialAction":[{"@type":"SearchAction","target":{"@type":"EntryPoint","urlTemplate":"https:\/\/www.vggourmet.com\/?s={search_term_string}"},"query-input":{"@type":"PropertyValueSpecification","valueRequired":true,"valueName":"search_term_string"}}],"inLanguage":"fr-CA"},{"@type":"Organization","@id":"https:\/\/www.vggourmet.com\/#organization","name":"VG Gourmet","url":"https:\/\/www.vggourmet.com\/","logo":{"@type":"ImageObject","inLanguage":"fr-CA","@id":"https:\/\/www.vggourmet.com\/#\/schema\/logo\/image\/","url":"https:\/\/www.vggourmet.com\/wp-content\/uploads\/2022\/06\/VG-GOURMET-LOGO.png","contentUrl":"https:\/\/www.vggourmet.com\/wp-content\/uploads\/2022\/06\/VG-GOURMET-LOGO.png","width":88,"height":105,"caption":"VG Gourmet"},"image":{"@id":"https:\/\/www.vggourmet.com\/#\/schema\/logo\/image\/"},"sameAs":["https:\/\/www.facebook.com\/VGGourmet","https:\/\/www.pinterest.ca\/VGGourmet\/"]}]}},"_links":{"self":[{"href":"https:\/\/www.vggourmet.com\/fr\/wp-json\/wp\/v2\/product\/1106","targetHints":{"allow":["GET"]}}],"collection":[{"href":"https:\/\/www.vggourmet.com\/fr\/wp-json\/wp\/v2\/product"}],"about":[{"href":"https:\/\/www.vggourmet.com\/fr\/wp-json\/wp\/v2\/types\/product"}],"replies":[{"embeddable":true,"href":"https:\/\/www.vggourmet.com\/fr\/wp-json\/wp\/v2\/comments?post=1106"}],"wp:featuredmedia":[{"embeddable":true,"href":"https:\/\/www.vggourmet.com\/fr\/wp-json\/wp\/v2\/media\/9754"}],"wp:attachment":[{"href":"https:\/\/www.vggourmet.com\/fr\/wp-json\/wp\/v2\/media?parent=1106"}],"wp:term":[{"taxonomy":"product_brand","embeddable":true,"href":"https:\/\/www.vggourmet.com\/fr\/wp-json\/wp\/v2\/product_brand?post=1106"},{"taxonomy":"product_cat","embeddable":true,"href":"https:\/\/www.vggourmet.com\/fr\/wp-json\/wp\/v2\/product_cat?post=1106"},{"taxonomy":"product_tag","embeddable":true,"href":"https:\/\/www.vggourmet.com\/fr\/wp-json\/wp\/v2\/product_tag?post=1106"}],"curies":[{"name":"wp","href":"https:\/\/api.w.org\/{rel}","templated":true}]}}